{"id":883,"date":"2024-12-17T13:26:22","date_gmt":"2024-12-17T12:26:22","guid":{"rendered":"https:\/\/labonnebaguette.fr\/?page_id=883"},"modified":"2025-08-13T12:18:12","modified_gmt":"2025-08-13T10:18:12","slug":"carte-viennoiseries","status":"publish","type":"page","link":"https:\/\/labonnebaguette.fr\/?page_id=883","title":{"rendered":"CARTE DES PRODUITS SUCR\u00c9S"},"content":{"rendered":"<p>Certains de nos produits sont susceptibles ne pas \u00eatre disponibles selon les boutiques ou les p\u00e9riodes.<\/p>\n\n\n<figure class=\"wp-block-image aligncenter size-large is-resized\"><img width=\"724\" height=\"1024\"  alt=\"\" class=\"wp-image-1280 lws-optimize-lazyload\" style=\"width:498px;height:auto\"\/ data-src=\"https:\/\/labonnebaguette.fr\/wp-content\/uploads\/2025\/08\/Formule-snack-viennoiserie-patisserie-1-724x1024.png\" srcset=\"https:\/\/labonnebaguette.fr\/wp-content\/uploads\/2025\/08\/Formule-snack-viennoiserie-patisserie-1-724x1024.png 724w, https:\/\/labonnebaguette.fr\/wp-content\/uploads\/2025\/08\/Formule-snack-viennoiserie-patisserie-1-212x300.png 212w, https:\/\/labonnebaguette.fr\/wp-content\/uploads\/2025\/08\/Formule-snack-viennoiserie-patisserie-1-768x1086.png 768w, https:\/\/labonnebaguette.fr\/wp-content\/uploads\/2025\/08\/Formule-snack-viennoiserie-patisserie-1-1086x1536.png 1086w, https:\/\/labonnebaguette.fr\/wp-content\/uploads\/2025\/08\/Formule-snack-viennoiserie-patisserie-1.png 1414w\" sizes=\"(max-width: 724px) 100vw, 724px\" \/><\/figure>\n","protected":false},"excerpt":{"rendered":"<p>Certains de nos produits sont susceptibles ne pas \u00eatre disponibles selon les boutiques ou les p\u00e9riodes.<\/p>\n","protected":false},"author":1,"featured_media":0,"parent":0,"menu_order":0,"comment_status":"closed","ping_status":"closed","template":"","meta":{"footnotes":""},"class_list":["post-883","page","type-page","status-publish","hentry"],"yoast_head":"<!-- This site is optimized with the Yoast SEO plugin v26.5 - https:\/\/yoast.com\/wordpress\/plugins\/seo\/ -->\n<title>CARTE DES PRODUITS SUCR\u00c9S - La Bonne Baguette<\/title>\n<meta name=\"robots\" content=\"index, follow, max-snippet:-1, max-image-preview:large, max-video-preview:-1\" \/>\n<link rel=\"canonical\" href=\"https:\/\/labonnebaguette.fr\/?page_id=883\" \/>\n<meta property=\"og:locale\" content=\"fr_FR\" \/>\n<meta property=\"og:type\" content=\"article\" \/>\n<meta property=\"og:title\" content=\"CARTE DES PRODUITS SUCR\u00c9S - La Bonne Baguette\" \/>\n<meta property=\"og:description\" content=\"Certains de nos produits sont susceptibles ne pas \u00eatre disponibles selon les boutiques ou les p\u00e9riodes.\" \/>\n<meta property=\"og:url\" content=\"https:\/\/labonnebaguette.fr\/?page_id=883\" \/>\n<meta property=\"og:site_name\" content=\"La Bonne Baguette\" \/>\n<meta property=\"article:publisher\" content=\"https:\/\/www.facebook.com\/boulangerielabonnebaguette\" \/>\n<meta property=\"article:modified_time\" content=\"2025-08-13T10:18:12+00:00\" \/>\n<meta property=\"og:image\" content=\"https:\/\/labonnebaguette.fr\/wp-content\/uploads\/2025\/08\/Formule-snack-viennoiserie-patisserie-1.png\" \/>\n\t<meta property=\"og:image:width\" content=\"1414\" \/>\n\t<meta property=\"og:image:height\" content=\"2000\" \/>\n\t<meta property=\"og:image:type\" content=\"image\/png\" \/>\n<meta name=\"twitter:card\" content=\"summary_large_image\" \/>\n<meta name=\"twitter:label1\" content=\"Dur\u00e9e de lecture estim\u00e9e\" \/>\n\t<meta name=\"twitter:data1\" content=\"1 minute\" \/>\n<script type=\"application\/ld+json\" class=\"yoast-schema-graph\">{\"@context\":\"https:\/\/schema.org\",\"@graph\":[{\"@type\":\"WebPage\",\"@id\":\"https:\/\/labonnebaguette.fr\/?page_id=883\",\"url\":\"https:\/\/labonnebaguette.fr\/?page_id=883\",\"name\":\"CARTE DES PRODUITS SUCR\u00c9S - La Bonne Baguette\",\"isPartOf\":{\"@id\":\"https:\/\/labonnebaguette.fr\/#website\"},\"primaryImageOfPage\":{\"@id\":\"https:\/\/labonnebaguette.fr\/?page_id=883#primaryimage\"},\"image\":{\"@id\":\"https:\/\/labonnebaguette.fr\/?page_id=883#primaryimage\"},\"thumbnailUrl\":\"https:\/\/labonnebaguette.fr\/wp-content\/uploads\/2025\/08\/Formule-snack-viennoiserie-patisserie-1-724x1024.png\",\"datePublished\":\"2024-12-17T12:26:22+00:00\",\"dateModified\":\"2025-08-13T10:18:12+00:00\",\"breadcrumb\":{\"@id\":\"https:\/\/labonnebaguette.fr\/?page_id=883#breadcrumb\"},\"inLanguage\":\"fr-FR\",\"potentialAction\":[{\"@type\":\"ReadAction\",\"target\":[\"https:\/\/labonnebaguette.fr\/?page_id=883\"]}]},{\"@type\":\"ImageObject\",\"inLanguage\":\"fr-FR\",\"@id\":\"https:\/\/labonnebaguette.fr\/?page_id=883#primaryimage\",\"url\":\"https:\/\/labonnebaguette.fr\/wp-content\/uploads\/2025\/08\/Formule-snack-viennoiserie-patisserie-1.png\",\"contentUrl\":\"https:\/\/labonnebaguette.fr\/wp-content\/uploads\/2025\/08\/Formule-snack-viennoiserie-patisserie-1.png\",\"width\":1414,\"height\":2000},{\"@type\":\"BreadcrumbList\",\"@id\":\"https:\/\/labonnebaguette.fr\/?page_id=883#breadcrumb\",\"itemListElement\":[{\"@type\":\"ListItem\",\"position\":1,\"name\":\"Accueil\",\"item\":\"https:\/\/labonnebaguette.fr\/\"},{\"@type\":\"ListItem\",\"position\":2,\"name\":\"CARTE DES PRODUITS SUCR\u00c9S\"}]},{\"@type\":\"WebSite\",\"@id\":\"https:\/\/labonnebaguette.fr\/#website\",\"url\":\"https:\/\/labonnebaguette.fr\/\",\"name\":\"La Bonne Baguette - La P\u00e9trie\",\"description\":\"La P\u00e9trie\",\"publisher\":{\"@id\":\"https:\/\/labonnebaguette.fr\/#organization\"},\"potentialAction\":[{\"@type\":\"SearchAction\",\"target\":{\"@type\":\"EntryPoint\",\"urlTemplate\":\"https:\/\/labonnebaguette.fr\/?s={search_term_string}\"},\"query-input\":{\"@type\":\"PropertyValueSpecification\",\"valueRequired\":true,\"valueName\":\"search_term_string\"}}],\"inLanguage\":\"fr-FR\"},{\"@type\":\"Organization\",\"@id\":\"https:\/\/labonnebaguette.fr\/#organization\",\"name\":\"La Bonne Baguette\",\"url\":\"https:\/\/labonnebaguette.fr\/\",\"logo\":{\"@type\":\"ImageObject\",\"inLanguage\":\"fr-FR\",\"@id\":\"https:\/\/labonnebaguette.fr\/#\/schema\/logo\/image\/\",\"url\":\"https:\/\/labonnebaguette.fr\/wp-content\/uploads\/2024\/11\/logo-lapetrie-5.png\",\"contentUrl\":\"https:\/\/labonnebaguette.fr\/wp-content\/uploads\/2024\/11\/logo-lapetrie-5.png\",\"width\":180,\"height\":188,\"caption\":\"La Bonne Baguette\"},\"image\":{\"@id\":\"https:\/\/labonnebaguette.fr\/#\/schema\/logo\/image\/\"},\"sameAs\":[\"https:\/\/www.facebook.com\/boulangerielabonnebaguette\"]}]}<\/script>\n<!-- \/ Yoast SEO plugin. -->","yoast_head_json":{"title":"CARTE DES PRODUITS SUCR\u00c9S - La Bonne Baguette","robots":{"index":"index","follow":"follow","max-snippet":"max-snippet:-1","max-image-preview":"max-image-preview:large","max-video-preview":"max-video-preview:-1"},"canonical":"https:\/\/labonnebaguette.fr\/?page_id=883","og_locale":"fr_FR","og_type":"article","og_title":"CARTE DES PRODUITS SUCR\u00c9S - La Bonne Baguette","og_description":"Certains de nos produits sont susceptibles ne pas \u00eatre disponibles selon les boutiques ou les p\u00e9riodes.","og_url":"https:\/\/labonnebaguette.fr\/?page_id=883","og_site_name":"La Bonne Baguette","article_publisher":"https:\/\/www.facebook.com\/boulangerielabonnebaguette","article_modified_time":"2025-08-13T10:18:12+00:00","og_image":[{"width":1414,"height":2000,"url":"https:\/\/labonnebaguette.fr\/wp-content\/uploads\/2025\/08\/Formule-snack-viennoiserie-patisserie-1.png","type":"image\/png"}],"twitter_card":"summary_large_image","twitter_misc":{"Dur\u00e9e de lecture estim\u00e9e":"1 minute"},"schema":{"@context":"https:\/\/schema.org","@graph":[{"@type":"WebPage","@id":"https:\/\/labonnebaguette.fr\/?page_id=883","url":"https:\/\/labonnebaguette.fr\/?page_id=883","name":"CARTE DES PRODUITS SUCR\u00c9S - La Bonne Baguette","isPartOf":{"@id":"https:\/\/labonnebaguette.fr\/#website"},"primaryImageOfPage":{"@id":"https:\/\/labonnebaguette.fr\/?page_id=883#primaryimage"},"image":{"@id":"https:\/\/labonnebaguette.fr\/?page_id=883#primaryimage"},"thumbnailUrl":"https:\/\/labonnebaguette.fr\/wp-content\/uploads\/2025\/08\/Formule-snack-viennoiserie-patisserie-1-724x1024.png","datePublished":"2024-12-17T12:26:22+00:00","dateModified":"2025-08-13T10:18:12+00:00","breadcrumb":{"@id":"https:\/\/labonnebaguette.fr\/?page_id=883#breadcrumb"},"inLanguage":"fr-FR","potentialAction":[{"@type":"ReadAction","target":["https:\/\/labonnebaguette.fr\/?page_id=883"]}]},{"@type":"ImageObject","inLanguage":"fr-FR","@id":"https:\/\/labonnebaguette.fr\/?page_id=883#primaryimage","url":"https:\/\/labonnebaguette.fr\/wp-content\/uploads\/2025\/08\/Formule-snack-viennoiserie-patisserie-1.png","contentUrl":"https:\/\/labonnebaguette.fr\/wp-content\/uploads\/2025\/08\/Formule-snack-viennoiserie-patisserie-1.png","width":1414,"height":2000},{"@type":"BreadcrumbList","@id":"https:\/\/labonnebaguette.fr\/?page_id=883#breadcrumb","itemListElement":[{"@type":"ListItem","position":1,"name":"Accueil","item":"https:\/\/labonnebaguette.fr\/"},{"@type":"ListItem","position":2,"name":"CARTE DES PRODUITS SUCR\u00c9S"}]},{"@type":"WebSite","@id":"https:\/\/labonnebaguette.fr\/#website","url":"https:\/\/labonnebaguette.fr\/","name":"La Bonne Baguette - La P\u00e9trie","description":"La P\u00e9trie","publisher":{"@id":"https:\/\/labonnebaguette.fr\/#organization"},"potentialAction":[{"@type":"SearchAction","target":{"@type":"EntryPoint","urlTemplate":"https:\/\/labonnebaguette.fr\/?s={search_term_string}"},"query-input":{"@type":"PropertyValueSpecification","valueRequired":true,"valueName":"search_term_string"}}],"inLanguage":"fr-FR"},{"@type":"Organization","@id":"https:\/\/labonnebaguette.fr\/#organization","name":"La Bonne Baguette","url":"https:\/\/labonnebaguette.fr\/","logo":{"@type":"ImageObject","inLanguage":"fr-FR","@id":"https:\/\/labonnebaguette.fr\/#\/schema\/logo\/image\/","url":"https:\/\/labonnebaguette.fr\/wp-content\/uploads\/2024\/11\/logo-lapetrie-5.png","contentUrl":"https:\/\/labonnebaguette.fr\/wp-content\/uploads\/2024\/11\/logo-lapetrie-5.png","width":180,"height":188,"caption":"La Bonne Baguette"},"image":{"@id":"https:\/\/labonnebaguette.fr\/#\/schema\/logo\/image\/"},"sameAs":["https:\/\/www.facebook.com\/boulangerielabonnebaguette"]}]}},"_links":{"self":[{"href":"https:\/\/labonnebaguette.fr\/index.php?rest_route=\/wp\/v2\/pages\/883","targetHints":{"allow":["GET"]}}],"collection":[{"href":"https:\/\/labonnebaguette.fr\/index.php?rest_route=\/wp\/v2\/pages"}],"about":[{"href":"https:\/\/labonnebaguette.fr\/index.php?rest_route=\/wp\/v2\/types\/page"}],"author":[{"embeddable":true,"href":"https:\/\/labonnebaguette.fr\/index.php?rest_route=\/wp\/v2\/users\/1"}],"replies":[{"embeddable":true,"href":"https:\/\/labonnebaguette.fr\/index.php?rest_route=%2Fwp%2Fv2%2Fcomments&post=883"}],"version-history":[{"count":8,"href":"https:\/\/labonnebaguette.fr\/index.php?rest_route=\/wp\/v2\/pages\/883\/revisions"}],"predecessor-version":[{"id":1294,"href":"https:\/\/labonnebaguette.fr\/index.php?rest_route=\/wp\/v2\/pages\/883\/revisions\/1294"}],"wp:attachment":[{"href":"https:\/\/labonnebaguette.fr\/index.php?rest_route=%2Fwp%2Fv2%2Fmedia&parent=883"}],"curies":[{"name":"wp","href":"https:\/\/api.w.org\/{rel}","templated":true}]}}