{"id":391,"date":"2024-12-03T09:24:35","date_gmt":"2024-12-03T08:24:35","guid":{"rendered":"https:\/\/labonnebaguette.fr\/?page_id=391"},"modified":"2024-12-03T12:06:48","modified_gmt":"2024-12-03T11:06:48","slug":"cookies","status":"publish","type":"page","link":"https:\/\/labonnebaguette.fr\/?page_id=391","title":{"rendered":"Cookies"},"content":{"rendered":"<\/br>\n\n<p>Le site labonnebaguette.fr utilise des traceurs (cookies). Ainsi, le site est susceptible d\u2019acc\u00e9der \u00e0 des informations d\u00e9j\u00e0 stock\u00e9es dans votre machine.<\/p>\n\n\n\n<p>Nous utilisons ces traceurs pour faciliter la navigation sur le site web et mesurer le trafic du site web gr\u00e2ce \u00e0 Google Analytics. Les statistiques des visites restent et resteront anonymes et ne servent que dans un but de mesure d\u2019audience afin de faciliter l\u2019optimisation et la navigation futures du site internet.<\/p>\n\n\n\n<p>En aucun cas, ces cookies n\u2019ont la possibilit\u00e9 de nuire \u00e0 votre s\u00e9curit\u00e9 personnelle ou \u00e0 celle de votre machine, ils vous permettront en revanche une meilleure qualit\u00e9 de navigation et donneront \u00e0 la soci\u00e9t\u00e9 SARL LA BONNE BAGUETTE, la possibilit\u00e9 d\u2019am\u00e9liorer au mieux son site web dans le temps pour apporter la meilleure exp\u00e9rience de navigation possible aux visiteurs.<\/p>\n\n\n\n<p>Ces traceurs peuvent techniquement \u00eatre d\u00e9sactiv\u00e9s depuis le site en cliquant sur \u00ab Tout refuser \u00bb sur le bandeau d\u2019avertissement des cookies. Vous pouvez aussi vous opposer \u00e0 l\u2019utilisation de ces traceurs, exclusivement en param\u00e9trant votre navigateur. Ce param\u00e9trage d\u00e9pend du navigateur que vous utilisez, mais il est en g\u00e9n\u00e9ral simple \u00e0 r\u00e9aliser : en principe, vous pouvez soit activer une fonction de navigation priv\u00e9e soit uniquement interdire ou restreindre les traceurs (cookies). Attention, il se peut que des traceurs aient \u00e9t\u00e9 enregistr\u00e9s sur votre p\u00e9riph\u00e9rique avant le param\u00e9trage de votre navigateur : dans ce cas, effacez votre historique de navigation, toujours en utilisant le param\u00e9trage de votre navigateur.<\/p>\n\n\n\n<p>L\u2019utilisation des traceurs est r\u00e9gie par l\u2019article 32 II de la loi n\u00b0 78-17 du 6 janvier 1978, transposant l\u2019article 5.3 de la directive 2002\/58\/CE du parlement europ\u00e9en et du conseil du 12 juillet 2002 modifi\u00e9e par la directive 2009\/136\/CE. Pour en savoir plus sur les cookies et traceurs, nous vous invitons \u00e0 consulter le site de la CNIL : www.cnil.fr<\/p>\n","protected":false},"excerpt":{"rendered":"<p>Le site labonnebaguette.fr utilise des traceurs (cookies). Ainsi, le site est susceptible d\u2019acc\u00e9der \u00e0 des informations d\u00e9j\u00e0 stock\u00e9es dans votre machine. Nous utilisons ces traceurs pour faciliter la navigation sur le site web et mesurer le trafic du site web gr\u00e2ce \u00e0 Google Analytics. Les statistiques des visites restent et resteront anonymes et ne servent [&hellip;]<\/p>\n","protected":false},"author":1,"featured_media":0,"parent":0,"menu_order":0,"comment_status":"closed","ping_status":"closed","template":"","meta":{"footnotes":""},"class_list":["post-391","page","type-page","status-publish","hentry"],"yoast_head":"<!-- This site is optimized with the Yoast SEO plugin v26.5 - https:\/\/yoast.com\/wordpress\/plugins\/seo\/ -->\n<title>Cookies - La Bonne Baguette<\/title>\n<meta name=\"description\" content=\"D\u00e9couvrez notre politique relative aux cookies : informations sur leur utilisation, gestion des pr\u00e9f\u00e9rences et votre contr\u00f4le pour une navigation respectueuse de votre vie priv\u00e9e.\" \/>\n<meta name=\"robots\" content=\"index, follow, max-snippet:-1, max-image-preview:large, max-video-preview:-1\" \/>\n<link rel=\"canonical\" href=\"https:\/\/labonnebaguette.fr\/?page_id=391\" \/>\n<meta property=\"og:locale\" content=\"fr_FR\" \/>\n<meta property=\"og:type\" content=\"article\" \/>\n<meta property=\"og:title\" content=\"Cookies - La Bonne Baguette\" \/>\n<meta property=\"og:description\" content=\"D\u00e9couvrez notre politique relative aux cookies : informations sur leur utilisation, gestion des pr\u00e9f\u00e9rences et votre contr\u00f4le pour une navigation respectueuse de votre vie priv\u00e9e.\" \/>\n<meta property=\"og:url\" content=\"https:\/\/labonnebaguette.fr\/?page_id=391\" \/>\n<meta property=\"og:site_name\" content=\"La Bonne Baguette\" \/>\n<meta property=\"article:publisher\" content=\"https:\/\/www.facebook.com\/boulangerielabonnebaguette\" \/>\n<meta property=\"article:modified_time\" content=\"2024-12-03T11:06:48+00:00\" \/>\n<meta name=\"twitter:card\" content=\"summary_large_image\" \/>\n<meta name=\"twitter:label1\" content=\"Dur\u00e9e de lecture estim\u00e9e\" \/>\n\t<meta name=\"twitter:data1\" content=\"2 minutes\" \/>\n<script type=\"application\/ld+json\" class=\"yoast-schema-graph\">{\"@context\":\"https:\/\/schema.org\",\"@graph\":[{\"@type\":\"WebPage\",\"@id\":\"https:\/\/labonnebaguette.fr\/?page_id=391\",\"url\":\"https:\/\/labonnebaguette.fr\/?page_id=391\",\"name\":\"Cookies - La Bonne Baguette\",\"isPartOf\":{\"@id\":\"https:\/\/labonnebaguette.fr\/#website\"},\"datePublished\":\"2024-12-03T08:24:35+00:00\",\"dateModified\":\"2024-12-03T11:06:48+00:00\",\"description\":\"D\u00e9couvrez notre politique relative aux cookies : informations sur leur utilisation, gestion des pr\u00e9f\u00e9rences et votre contr\u00f4le pour une navigation respectueuse de votre vie priv\u00e9e.\",\"breadcrumb\":{\"@id\":\"https:\/\/labonnebaguette.fr\/?page_id=391#breadcrumb\"},\"inLanguage\":\"fr-FR\",\"potentialAction\":[{\"@type\":\"ReadAction\",\"target\":[\"https:\/\/labonnebaguette.fr\/?page_id=391\"]}]},{\"@type\":\"BreadcrumbList\",\"@id\":\"https:\/\/labonnebaguette.fr\/?page_id=391#breadcrumb\",\"itemListElement\":[{\"@type\":\"ListItem\",\"position\":1,\"name\":\"Accueil\",\"item\":\"https:\/\/labonnebaguette.fr\/\"},{\"@type\":\"ListItem\",\"position\":2,\"name\":\"Cookies\"}]},{\"@type\":\"WebSite\",\"@id\":\"https:\/\/labonnebaguette.fr\/#website\",\"url\":\"https:\/\/labonnebaguette.fr\/\",\"name\":\"La Bonne Baguette - La P\u00e9trie\",\"description\":\"La P\u00e9trie\",\"publisher\":{\"@id\":\"https:\/\/labonnebaguette.fr\/#organization\"},\"potentialAction\":[{\"@type\":\"SearchAction\",\"target\":{\"@type\":\"EntryPoint\",\"urlTemplate\":\"https:\/\/labonnebaguette.fr\/?s={search_term_string}\"},\"query-input\":{\"@type\":\"PropertyValueSpecification\",\"valueRequired\":true,\"valueName\":\"search_term_string\"}}],\"inLanguage\":\"fr-FR\"},{\"@type\":\"Organization\",\"@id\":\"https:\/\/labonnebaguette.fr\/#organization\",\"name\":\"La Bonne Baguette\",\"url\":\"https:\/\/labonnebaguette.fr\/\",\"logo\":{\"@type\":\"ImageObject\",\"inLanguage\":\"fr-FR\",\"@id\":\"https:\/\/labonnebaguette.fr\/#\/schema\/logo\/image\/\",\"url\":\"https:\/\/labonnebaguette.fr\/wp-content\/uploads\/2024\/11\/logo-lapetrie-5.png\",\"contentUrl\":\"https:\/\/labonnebaguette.fr\/wp-content\/uploads\/2024\/11\/logo-lapetrie-5.png\",\"width\":180,\"height\":188,\"caption\":\"La Bonne Baguette\"},\"image\":{\"@id\":\"https:\/\/labonnebaguette.fr\/#\/schema\/logo\/image\/\"},\"sameAs\":[\"https:\/\/www.facebook.com\/boulangerielabonnebaguette\"]}]}<\/script>\n<!-- \/ Yoast SEO plugin. -->","yoast_head_json":{"title":"Cookies - La Bonne Baguette","description":"D\u00e9couvrez notre politique relative aux cookies : informations sur leur utilisation, gestion des pr\u00e9f\u00e9rences et votre contr\u00f4le pour une navigation respectueuse de votre vie priv\u00e9e.","robots":{"index":"index","follow":"follow","max-snippet":"max-snippet:-1","max-image-preview":"max-image-preview:large","max-video-preview":"max-video-preview:-1"},"canonical":"https:\/\/labonnebaguette.fr\/?page_id=391","og_locale":"fr_FR","og_type":"article","og_title":"Cookies - La Bonne Baguette","og_description":"D\u00e9couvrez notre politique relative aux cookies : informations sur leur utilisation, gestion des pr\u00e9f\u00e9rences et votre contr\u00f4le pour une navigation respectueuse de votre vie priv\u00e9e.","og_url":"https:\/\/labonnebaguette.fr\/?page_id=391","og_site_name":"La Bonne Baguette","article_publisher":"https:\/\/www.facebook.com\/boulangerielabonnebaguette","article_modified_time":"2024-12-03T11:06:48+00:00","twitter_card":"summary_large_image","twitter_misc":{"Dur\u00e9e de lecture estim\u00e9e":"2 minutes"},"schema":{"@context":"https:\/\/schema.org","@graph":[{"@type":"WebPage","@id":"https:\/\/labonnebaguette.fr\/?page_id=391","url":"https:\/\/labonnebaguette.fr\/?page_id=391","name":"Cookies - La Bonne Baguette","isPartOf":{"@id":"https:\/\/labonnebaguette.fr\/#website"},"datePublished":"2024-12-03T08:24:35+00:00","dateModified":"2024-12-03T11:06:48+00:00","description":"D\u00e9couvrez notre politique relative aux cookies : informations sur leur utilisation, gestion des pr\u00e9f\u00e9rences et votre contr\u00f4le pour une navigation respectueuse de votre vie priv\u00e9e.","breadcrumb":{"@id":"https:\/\/labonnebaguette.fr\/?page_id=391#breadcrumb"},"inLanguage":"fr-FR","potentialAction":[{"@type":"ReadAction","target":["https:\/\/labonnebaguette.fr\/?page_id=391"]}]},{"@type":"BreadcrumbList","@id":"https:\/\/labonnebaguette.fr\/?page_id=391#breadcrumb","itemListElement":[{"@type":"ListItem","position":1,"name":"Accueil","item":"https:\/\/labonnebaguette.fr\/"},{"@type":"ListItem","position":2,"name":"Cookies"}]},{"@type":"WebSite","@id":"https:\/\/labonnebaguette.fr\/#website","url":"https:\/\/labonnebaguette.fr\/","name":"La Bonne Baguette - La P\u00e9trie","description":"La P\u00e9trie","publisher":{"@id":"https:\/\/labonnebaguette.fr\/#organization"},"potentialAction":[{"@type":"SearchAction","target":{"@type":"EntryPoint","urlTemplate":"https:\/\/labonnebaguette.fr\/?s={search_term_string}"},"query-input":{"@type":"PropertyValueSpecification","valueRequired":true,"valueName":"search_term_string"}}],"inLanguage":"fr-FR"},{"@type":"Organization","@id":"https:\/\/labonnebaguette.fr\/#organization","name":"La Bonne Baguette","url":"https:\/\/labonnebaguette.fr\/","logo":{"@type":"ImageObject","inLanguage":"fr-FR","@id":"https:\/\/labonnebaguette.fr\/#\/schema\/logo\/image\/","url":"https:\/\/labonnebaguette.fr\/wp-content\/uploads\/2024\/11\/logo-lapetrie-5.png","contentUrl":"https:\/\/labonnebaguette.fr\/wp-content\/uploads\/2024\/11\/logo-lapetrie-5.png","width":180,"height":188,"caption":"La Bonne Baguette"},"image":{"@id":"https:\/\/labonnebaguette.fr\/#\/schema\/logo\/image\/"},"sameAs":["https:\/\/www.facebook.com\/boulangerielabonnebaguette"]}]}},"_links":{"self":[{"href":"https:\/\/labonnebaguette.fr\/index.php?rest_route=\/wp\/v2\/pages\/391","targetHints":{"allow":["GET"]}}],"collection":[{"href":"https:\/\/labonnebaguette.fr\/index.php?rest_route=\/wp\/v2\/pages"}],"about":[{"href":"https:\/\/labonnebaguette.fr\/index.php?rest_route=\/wp\/v2\/types\/page"}],"author":[{"embeddable":true,"href":"https:\/\/labonnebaguette.fr\/index.php?rest_route=\/wp\/v2\/users\/1"}],"replies":[{"embeddable":true,"href":"https:\/\/labonnebaguette.fr\/index.php?rest_route=%2Fwp%2Fv2%2Fcomments&post=391"}],"version-history":[{"count":7,"href":"https:\/\/labonnebaguette.fr\/index.php?rest_route=\/wp\/v2\/pages\/391\/revisions"}],"predecessor-version":[{"id":446,"href":"https:\/\/labonnebaguette.fr\/index.php?rest_route=\/wp\/v2\/pages\/391\/revisions\/446"}],"wp:attachment":[{"href":"https:\/\/labonnebaguette.fr\/index.php?rest_route=%2Fwp%2Fv2%2Fmedia&parent=391"}],"curies":[{"name":"wp","href":"https:\/\/api.w.org\/{rel}","templated":true}]}}