{"id":37,"date":"2024-11-27T14:59:05","date_gmt":"2024-11-27T13:59:05","guid":{"rendered":"https:\/\/labonnebaguette.fr\/?page_id=37"},"modified":"2025-12-23T14:19:15","modified_gmt":"2025-12-23T13:19:15","slug":"nous-rejoindre","status":"publish","type":"page","link":"https:\/\/labonnebaguette.fr\/?page_id=37","title":{"rendered":"Nous rejoindre"},"content":{"rendered":"<h5 class=\"titreRejoindre\">Rejoignez une \u00e9quipe de professionnels investis et passionn\u00e9s, venez \u00e9crire l&rsquo;aventure \u00e0 nos cot\u00e9s<\/h5>\n\n<div id=\"counters\">\n  <div class=\"counter\"><span class=\"count\" data-target=\"4\">0<\/span>\n    <p id=\"font\">Boutiques<\/p>\n  <\/div>\n  <div class=\"counter\"><span class=\"count\" data-target=\"11\">0<\/span>\n    <p id=\"font\">M\u00e9tiers<\/p>\n  <\/div>\n  <div class=\"counter\"><span class=\"count\" data-target=\"83\">0<\/span>\n    <p id=\"font\">Salari\u00e9s<\/p>\n  <\/div>\n  <div class=\"counter\"><span class=\"count\" data-target=\"9\">0<\/span>\n    <p id=\"font\">Ann\u00e9es d&rsquo;exp\u00e9rience<\/p>\n  <\/div>\n<\/div>\n\n<script>\ndocument.addEventListener(\"DOMContentLoaded\", () => {\n  const counters = document.querySelectorAll(\".count\");\n  const duration = 2000; \/\/ Dur\u00e9e totale de l'animation\n  const interval = 50;   \/\/ Intervalle entre incr\u00e9ments\n\n  counters.forEach(counter => {\n    const target = +counter.getAttribute(\"data-target\");\n    const increment = target \/ (duration \/ interval);\n    let current = 0;\n\n    const updateCounter = setInterval(() => {\n      current += increment;\n      if (current >= target) {\n        counter.textContent = target;\n        clearInterval(updateCounter);\n      } else {\n        counter.textContent = Math.ceil(current);\n      }\n    }, interval);\n  });\n});\n<\/script>\n\n\n<div class=\"wp-block-columns is-layout-flex wp-container-core-columns-is-layout-28f84493 wp-block-columns-is-layout-flex\" style=\"justify-content: center;\">\n\n  \n  <div class=\"wp-block-column is-layout-flow wp-block-column-is-layout-flow\" style=\"flex-basis:60%; display: flex; justify-content: center;\">\n\n    \n    <figure class=\"wp-block-image size-large is-resized\" style=\"margin: 0 auto;\">\n      <img  \n           alt=\"\" \n           class=\"wp-image-59 lws-optimize-lazyload\" \n           style=\"width: 473px; height: auto;\" \/ data-src=\"https:\/\/labonnebaguette.fr\/wp-content\/uploads\/2024\/11\/image-1-histoire-1.jpg\">\n    <\/figure>\n    \n\n  <\/div>\n  \n\n<\/div>\n\n\n\n<\/div>\n<!-- \/wp:post-content -->\n\n<h5 class=\"titreRejoindre\"> D\u00e9posez votre candidature<\/h5>\n\n<div class=\"wpcf7 no-js\" id=\"wpcf7-f86-o1\" lang=\"fr-FR\" dir=\"ltr\" data-wpcf7-id=\"86\">\n<div class=\"screen-reader-response\"><p role=\"status\" aria-live=\"polite\" aria-atomic=\"true\"><\/p> <ul><\/ul><\/div>\n<form action=\"\/index.php?rest_route=%2Fwp%2Fv2%2Fpages%2F37#wpcf7-f86-o1\" method=\"post\" class=\"wpcf7-form init\" aria-label=\"Formulaire de contact\" enctype=\"multipart\/form-data\" novalidate=\"novalidate\" data-status=\"init\">\n<fieldset class=\"hidden-fields-container\"><input type=\"hidden\" name=\"_wpcf7\" value=\"86\" \/><input type=\"hidden\" name=\"_wpcf7_version\" value=\"6.1.4\" \/><input type=\"hidden\" name=\"_wpcf7_locale\" value=\"fr_FR\" \/><input type=\"hidden\" name=\"_wpcf7_unit_tag\" value=\"wpcf7-f86-o1\" \/><input type=\"hidden\" name=\"_wpcf7_container_post\" value=\"0\" \/><input type=\"hidden\" name=\"_wpcf7_posted_data_hash\" value=\"\" \/>\n<\/fieldset>\n<p><label> Nom*<br \/>\n<span class=\"wpcf7-form-control-wrap\" data-name=\"your-name\"><input size=\"40\" maxlength=\"400\" class=\"wpcf7-form-control wpcf7-text wpcf7-validates-as-required\" autocomplete=\"family-name\" aria-required=\"true\" aria-invalid=\"false\" value=\"\" type=\"text\" name=\"your-name\" \/><\/span> <\/label>\n<\/p>\n<p><label> Pr\u00e9nom*<br \/>\n<span class=\"wpcf7-form-control-wrap\" data-name=\"your-name2\"><input size=\"40\" maxlength=\"400\" class=\"wpcf7-form-control wpcf7-text wpcf7-validates-as-required\" autocomplete=\"given-name\" aria-required=\"true\" aria-invalid=\"false\" value=\"\" type=\"text\" name=\"your-name2\" \/><\/span> <\/label>\n<\/p>\n<p><label> Email*<br \/>\n<span class=\"wpcf7-form-control-wrap\" data-name=\"your-email\"><input size=\"40\" maxlength=\"400\" class=\"wpcf7-form-control wpcf7-email wpcf7-validates-as-required wpcf7-text wpcf7-validates-as-email\" autocomplete=\"email\" aria-required=\"true\" aria-invalid=\"false\" value=\"\" type=\"email\" name=\"your-email\" \/><\/span> <\/label>\n<\/p>\n<p><label> T\u00e9l\u00e9phone*<br \/>\n<span class=\"wpcf7-form-control-wrap\" data-name=\"your-tel\"><input size=\"40\" maxlength=\"400\" class=\"wpcf7-form-control wpcf7-text wpcf7-validates-as-required\" aria-required=\"true\" aria-invalid=\"false\" value=\"\" type=\"text\" name=\"your-tel\" \/><\/span> <\/label>\n<\/p>\n<p><label> Poste pour lequel vous souhaitez postuler*<br \/>\n<span class=\"wpcf7-form-control-wrap\" data-name=\"select-642\"><select class=\"wpcf7-form-control wpcf7-select wpcf7-validates-as-required\" aria-required=\"true\" aria-invalid=\"false\" name=\"select-642\"><option value=\"Choisir un poste\">Choisir un poste<\/option><option value=\"Responsable vente\">Responsable vente<\/option><option value=\"Responsable p\u00e2tissier\">Responsable p\u00e2tissier<\/option><option value=\"Responsable boulanger\">Responsable boulanger<\/option><option value=\"Responsable tourier\">Responsable tourier<\/option><option value=\"Responsable traiteur\">Responsable traiteur<\/option><option value=\"Administration\">Administration<\/option><option value=\"Vendeur\">Vendeur<\/option><option value=\"P\u00e2tissier\">P\u00e2tissier<\/option><option value=\"Boulanger\">Boulanger<\/option><option value=\"Tourier\">Tourier<\/option><option value=\"Traiteur\">Traiteur<\/option><option value=\"Apprenti administration\">Apprenti administration<\/option><option value=\"Apprenti vendeur\">Apprenti vendeur<\/option><option value=\"Apprenti p\u00e2tissier\">Apprenti p\u00e2tissier<\/option><option value=\"Apprenti boulanger\">Apprenti boulanger<\/option><option value=\"Apprenti tourier\">Apprenti tourier<\/option><option value=\"Apprenti traiteur\">Apprenti traiteur<\/option><\/select><\/span> <\/label>\n<\/p>\n<p><label>CV*<br \/>\n<span class=\"wpcf7-form-control-wrap\" data-name=\"file-310\"><input size=\"40\" class=\"wpcf7-form-control wpcf7-file wpcf7-validates-as-required\" accept=\"image\/png,application\/pdf\" aria-required=\"true\" aria-invalid=\"false\" type=\"file\" name=\"file-310\" \/><\/span><\/label>\n<\/p>\n<p><label>Lettre de motivation*<br \/>\n<span class=\"wpcf7-form-control-wrap\" data-name=\"file-664\"><input size=\"40\" class=\"wpcf7-form-control wpcf7-file wpcf7-validates-as-required\" accept=\"image\/png,application\/pdf\" aria-required=\"true\" aria-invalid=\"false\" type=\"file\" name=\"file-664\" \/><\/span><\/label>\n<\/p>\n<p><label> <\/label><br \/>\n<label> Votre message*<br \/>\n<span class=\"wpcf7-form-control-wrap\" data-name=\"your-message\"><textarea cols=\"40\" rows=\"10\" maxlength=\"2000\" class=\"wpcf7-form-control wpcf7-textarea wpcf7-validates-as-required\" aria-required=\"true\" aria-invalid=\"false\" name=\"your-message\"><\/textarea><\/span> <\/label>\n<\/p>\n<p><input class=\"wpcf7-form-control wpcf7-submit has-spinner\" type=\"submit\" value=\"Envoyer\" \/>\n<\/p><div class=\"wpcf7-response-output\" aria-hidden=\"true\"><\/div>\n<\/form>\n<\/div>\n\n","protected":false},"excerpt":{"rendered":"<p>Rejoignez une \u00e9quipe de professionnels investis et passionn\u00e9s, venez \u00e9crire l&rsquo;aventure \u00e0 nos cot\u00e9s 0 Boutiques 0 M\u00e9tiers 0 Salari\u00e9s 0 Ann\u00e9es d&rsquo;exp\u00e9rience D\u00e9posez votre candidature<\/p>\n","protected":false},"author":1,"featured_media":0,"parent":0,"menu_order":0,"comment_status":"closed","ping_status":"closed","template":"","meta":{"footnotes":""},"class_list":["post-37","page","type-page","status-publish","hentry"],"yoast_head":"<!-- This site is optimized with the Yoast SEO plugin v26.5 - https:\/\/yoast.com\/wordpress\/plugins\/seo\/ -->\n<title>Nous rejoindre - La Bonne Baguette<\/title>\n<meta name=\"description\" content=\"Rejoignez notre \u00e9quipe ! D\u00e9couvrez nos opportunit\u00e9s de carri\u00e8re et contribuez \u00e0 partager la passion du bon pain et de la p\u00e2tisserie artisanale.\" \/>\n<meta name=\"robots\" content=\"index, follow, max-snippet:-1, max-image-preview:large, max-video-preview:-1\" \/>\n<link rel=\"canonical\" href=\"https:\/\/labonnebaguette.fr\/?page_id=37\" \/>\n<meta property=\"og:locale\" content=\"fr_FR\" \/>\n<meta property=\"og:type\" content=\"article\" \/>\n<meta property=\"og:title\" content=\"Nous rejoindre - La Bonne Baguette\" \/>\n<meta property=\"og:description\" content=\"Rejoignez notre \u00e9quipe ! D\u00e9couvrez nos opportunit\u00e9s de carri\u00e8re et contribuez \u00e0 partager la passion du bon pain et de la p\u00e2tisserie artisanale.\" \/>\n<meta property=\"og:url\" content=\"https:\/\/labonnebaguette.fr\/?page_id=37\" \/>\n<meta property=\"og:site_name\" content=\"La Bonne Baguette\" \/>\n<meta property=\"article:publisher\" content=\"https:\/\/www.facebook.com\/boulangerielabonnebaguette\" \/>\n<meta property=\"article:modified_time\" content=\"2025-12-23T13:19:15+00:00\" \/>\n<meta property=\"og:image\" content=\"https:\/\/labonnebaguette.fr\/wp-content\/uploads\/2024\/11\/buche_blanche-1.jpg\" \/>\n\t<meta property=\"og:image:width\" content=\"2048\" \/>\n\t<meta property=\"og:image:height\" content=\"2048\" \/>\n\t<meta property=\"og:image:type\" content=\"image\/jpeg\" \/>\n<meta name=\"twitter:card\" content=\"summary_large_image\" \/>\n<meta name=\"twitter:label1\" content=\"Dur\u00e9e de lecture estim\u00e9e\" \/>\n\t<meta name=\"twitter:data1\" content=\"1 minute\" \/>\n<script type=\"application\/ld+json\" class=\"yoast-schema-graph\">{\"@context\":\"https:\/\/schema.org\",\"@graph\":[{\"@type\":\"WebPage\",\"@id\":\"https:\/\/labonnebaguette.fr\/?page_id=37\",\"url\":\"https:\/\/labonnebaguette.fr\/?page_id=37\",\"name\":\"Nous rejoindre - La Bonne Baguette\",\"isPartOf\":{\"@id\":\"https:\/\/labonnebaguette.fr\/#website\"},\"primaryImageOfPage\":{\"@id\":\"https:\/\/labonnebaguette.fr\/?page_id=37#primaryimage\"},\"image\":{\"@id\":\"https:\/\/labonnebaguette.fr\/?page_id=37#primaryimage\"},\"thumbnailUrl\":\"https:\/\/labonnebaguette.fr\/wp-content\/uploads\/2024\/11\/image-1-histoire-1.jpg\",\"datePublished\":\"2024-11-27T13:59:05+00:00\",\"dateModified\":\"2025-12-23T13:19:15+00:00\",\"description\":\"Rejoignez notre \u00e9quipe ! D\u00e9couvrez nos opportunit\u00e9s de carri\u00e8re et contribuez \u00e0 partager la passion du bon pain et de la p\u00e2tisserie artisanale.\",\"breadcrumb\":{\"@id\":\"https:\/\/labonnebaguette.fr\/?page_id=37#breadcrumb\"},\"inLanguage\":\"fr-FR\",\"potentialAction\":[{\"@type\":\"ReadAction\",\"target\":[\"https:\/\/labonnebaguette.fr\/?page_id=37\"]}]},{\"@type\":\"ImageObject\",\"inLanguage\":\"fr-FR\",\"@id\":\"https:\/\/labonnebaguette.fr\/?page_id=37#primaryimage\",\"url\":\"https:\/\/labonnebaguette.fr\/wp-content\/uploads\/2024\/11\/buche_blanche-1.jpg\",\"contentUrl\":\"https:\/\/labonnebaguette.fr\/wp-content\/uploads\/2024\/11\/buche_blanche-1.jpg\",\"width\":2048,\"height\":2048},{\"@type\":\"BreadcrumbList\",\"@id\":\"https:\/\/labonnebaguette.fr\/?page_id=37#breadcrumb\",\"itemListElement\":[{\"@type\":\"ListItem\",\"position\":1,\"name\":\"Accueil\",\"item\":\"https:\/\/labonnebaguette.fr\/\"},{\"@type\":\"ListItem\",\"position\":2,\"name\":\"Nous rejoindre\"}]},{\"@type\":\"WebSite\",\"@id\":\"https:\/\/labonnebaguette.fr\/#website\",\"url\":\"https:\/\/labonnebaguette.fr\/\",\"name\":\"La Bonne Baguette - La P\u00e9trie\",\"description\":\"La P\u00e9trie\",\"publisher\":{\"@id\":\"https:\/\/labonnebaguette.fr\/#organization\"},\"potentialAction\":[{\"@type\":\"SearchAction\",\"target\":{\"@type\":\"EntryPoint\",\"urlTemplate\":\"https:\/\/labonnebaguette.fr\/?s={search_term_string}\"},\"query-input\":{\"@type\":\"PropertyValueSpecification\",\"valueRequired\":true,\"valueName\":\"search_term_string\"}}],\"inLanguage\":\"fr-FR\"},{\"@type\":\"Organization\",\"@id\":\"https:\/\/labonnebaguette.fr\/#organization\",\"name\":\"La Bonne Baguette\",\"url\":\"https:\/\/labonnebaguette.fr\/\",\"logo\":{\"@type\":\"ImageObject\",\"inLanguage\":\"fr-FR\",\"@id\":\"https:\/\/labonnebaguette.fr\/#\/schema\/logo\/image\/\",\"url\":\"https:\/\/labonnebaguette.fr\/wp-content\/uploads\/2024\/11\/logo-lapetrie-5.png\",\"contentUrl\":\"https:\/\/labonnebaguette.fr\/wp-content\/uploads\/2024\/11\/logo-lapetrie-5.png\",\"width\":180,\"height\":188,\"caption\":\"La Bonne Baguette\"},\"image\":{\"@id\":\"https:\/\/labonnebaguette.fr\/#\/schema\/logo\/image\/\"},\"sameAs\":[\"https:\/\/www.facebook.com\/boulangerielabonnebaguette\"]}]}<\/script>\n<!-- \/ Yoast SEO plugin. -->","yoast_head_json":{"title":"Nous rejoindre - La Bonne Baguette","description":"Rejoignez notre \u00e9quipe ! D\u00e9couvrez nos opportunit\u00e9s de carri\u00e8re et contribuez \u00e0 partager la passion du bon pain et de la p\u00e2tisserie artisanale.","robots":{"index":"index","follow":"follow","max-snippet":"max-snippet:-1","max-image-preview":"max-image-preview:large","max-video-preview":"max-video-preview:-1"},"canonical":"https:\/\/labonnebaguette.fr\/?page_id=37","og_locale":"fr_FR","og_type":"article","og_title":"Nous rejoindre - La Bonne Baguette","og_description":"Rejoignez notre \u00e9quipe ! D\u00e9couvrez nos opportunit\u00e9s de carri\u00e8re et contribuez \u00e0 partager la passion du bon pain et de la p\u00e2tisserie artisanale.","og_url":"https:\/\/labonnebaguette.fr\/?page_id=37","og_site_name":"La Bonne Baguette","article_publisher":"https:\/\/www.facebook.com\/boulangerielabonnebaguette","article_modified_time":"2025-12-23T13:19:15+00:00","og_image":[{"width":2048,"height":2048,"url":"https:\/\/labonnebaguette.fr\/wp-content\/uploads\/2024\/11\/buche_blanche-1.jpg","type":"image\/jpeg"}],"twitter_card":"summary_large_image","twitter_misc":{"Dur\u00e9e de lecture estim\u00e9e":"1 minute"},"schema":{"@context":"https:\/\/schema.org","@graph":[{"@type":"WebPage","@id":"https:\/\/labonnebaguette.fr\/?page_id=37","url":"https:\/\/labonnebaguette.fr\/?page_id=37","name":"Nous rejoindre - La Bonne Baguette","isPartOf":{"@id":"https:\/\/labonnebaguette.fr\/#website"},"primaryImageOfPage":{"@id":"https:\/\/labonnebaguette.fr\/?page_id=37#primaryimage"},"image":{"@id":"https:\/\/labonnebaguette.fr\/?page_id=37#primaryimage"},"thumbnailUrl":"https:\/\/labonnebaguette.fr\/wp-content\/uploads\/2024\/11\/image-1-histoire-1.jpg","datePublished":"2024-11-27T13:59:05+00:00","dateModified":"2025-12-23T13:19:15+00:00","description":"Rejoignez notre \u00e9quipe ! D\u00e9couvrez nos opportunit\u00e9s de carri\u00e8re et contribuez \u00e0 partager la passion du bon pain et de la p\u00e2tisserie artisanale.","breadcrumb":{"@id":"https:\/\/labonnebaguette.fr\/?page_id=37#breadcrumb"},"inLanguage":"fr-FR","potentialAction":[{"@type":"ReadAction","target":["https:\/\/labonnebaguette.fr\/?page_id=37"]}]},{"@type":"ImageObject","inLanguage":"fr-FR","@id":"https:\/\/labonnebaguette.fr\/?page_id=37#primaryimage","url":"https:\/\/labonnebaguette.fr\/wp-content\/uploads\/2024\/11\/buche_blanche-1.jpg","contentUrl":"https:\/\/labonnebaguette.fr\/wp-content\/uploads\/2024\/11\/buche_blanche-1.jpg","width":2048,"height":2048},{"@type":"BreadcrumbList","@id":"https:\/\/labonnebaguette.fr\/?page_id=37#breadcrumb","itemListElement":[{"@type":"ListItem","position":1,"name":"Accueil","item":"https:\/\/labonnebaguette.fr\/"},{"@type":"ListItem","position":2,"name":"Nous rejoindre"}]},{"@type":"WebSite","@id":"https:\/\/labonnebaguette.fr\/#website","url":"https:\/\/labonnebaguette.fr\/","name":"La Bonne Baguette - La P\u00e9trie","description":"La P\u00e9trie","publisher":{"@id":"https:\/\/labonnebaguette.fr\/#organization"},"potentialAction":[{"@type":"SearchAction","target":{"@type":"EntryPoint","urlTemplate":"https:\/\/labonnebaguette.fr\/?s={search_term_string}"},"query-input":{"@type":"PropertyValueSpecification","valueRequired":true,"valueName":"search_term_string"}}],"inLanguage":"fr-FR"},{"@type":"Organization","@id":"https:\/\/labonnebaguette.fr\/#organization","name":"La Bonne Baguette","url":"https:\/\/labonnebaguette.fr\/","logo":{"@type":"ImageObject","inLanguage":"fr-FR","@id":"https:\/\/labonnebaguette.fr\/#\/schema\/logo\/image\/","url":"https:\/\/labonnebaguette.fr\/wp-content\/uploads\/2024\/11\/logo-lapetrie-5.png","contentUrl":"https:\/\/labonnebaguette.fr\/wp-content\/uploads\/2024\/11\/logo-lapetrie-5.png","width":180,"height":188,"caption":"La Bonne Baguette"},"image":{"@id":"https:\/\/labonnebaguette.fr\/#\/schema\/logo\/image\/"},"sameAs":["https:\/\/www.facebook.com\/boulangerielabonnebaguette"]}]}},"_links":{"self":[{"href":"https:\/\/labonnebaguette.fr\/index.php?rest_route=\/wp\/v2\/pages\/37","targetHints":{"allow":["GET"]}}],"collection":[{"href":"https:\/\/labonnebaguette.fr\/index.php?rest_route=\/wp\/v2\/pages"}],"about":[{"href":"https:\/\/labonnebaguette.fr\/index.php?rest_route=\/wp\/v2\/types\/page"}],"author":[{"embeddable":true,"href":"https:\/\/labonnebaguette.fr\/index.php?rest_route=\/wp\/v2\/users\/1"}],"replies":[{"embeddable":true,"href":"https:\/\/labonnebaguette.fr\/index.php?rest_route=%2Fwp%2Fv2%2Fcomments&post=37"}],"version-history":[{"count":77,"href":"https:\/\/labonnebaguette.fr\/index.php?rest_route=\/wp\/v2\/pages\/37\/revisions"}],"predecessor-version":[{"id":1430,"href":"https:\/\/labonnebaguette.fr\/index.php?rest_route=\/wp\/v2\/pages\/37\/revisions\/1430"}],"wp:attachment":[{"href":"https:\/\/labonnebaguette.fr\/index.php?rest_route=%2Fwp%2Fv2%2Fmedia&parent=37"}],"curies":[{"name":"wp","href":"https:\/\/api.w.org\/{rel}","templated":true}]}}