{"id":301,"date":"2024-12-02T11:34:06","date_gmt":"2024-12-02T10:34:06","guid":{"rendered":"https:\/\/labonnebaguette.fr\/?page_id=301"},"modified":"2024-12-06T09:29:51","modified_gmt":"2024-12-06T08:29:51","slug":"mentions-legales","status":"publish","type":"page","link":"https:\/\/labonnebaguette.fr\/?page_id=301","title":{"rendered":"Nos mentions l\u00e9gales"},"content":{"rendered":"<\/br>\n\n<h3> Article 1 : Identit\u00e9 et coordonn\u00e9es de la soci\u00e9t\u00e9 <\/h3>\n<p> Nom de la soci\u00e9t\u00e9 : SARL SIMON &#038; CO<br> Adresse : 10 rue Jean Catelas, 80000 Amiens<\/p>\n <h3> Article 2 : Traitement des donn\u00e9es <\/h3> \n<p>\nLes demandes de rendez-vous client ou informations passent par les formulaires de contact du site web. Ces formulaires traitent les uniques donn\u00e9es suivantes, nom et pr\u00e9nom, soci\u00e9t\u00e9, adresse postal, t\u00e9l\u00e9phone, adresse email et message. Tout formulaire valid\u00e9 est automatiquement transmis \u00e0 l\u2019adresse email de la soci\u00e9t\u00e9 SARL SIMON &#038; CO.\nLes donn\u00e9es trait\u00e9es via les formulaires sont strictement confidentielles et permettent \u00e0 la soci\u00e9t\u00e9, la gestion de la relation du suivi client.\nIl est possible que les donn\u00e9es soient utilis\u00e9es afin de permettre \u00e0 la soci\u00e9t\u00e9 l\u2019envoi d\u2019une newsletter, celle-ci sera \u00e9quip\u00e9e d\u2019un lien de d\u00e9sinscription lisible et fonctionnel.\nLes informations clients peuvent \u00eatre stock\u00e9s de mani\u00e8re num\u00e9rique et\/ou sous format papier.  <\/p>\n\n\n<h3>Article 3: Base l\u00e9gale de traitement<\/h3>\n<p>La base l\u00e9gale du traitement des donn\u00e9es personnelles est repr\u00e9sent\u00e9e par une case \u00e0 cocher sur formulaire de contact \u00ab J\u2019accepte la politique de protection des donn\u00e9es personnelles RGPD \u00bb.<\/p>\n\n<h3>Article 4: Origine de la collecte de donn\u00e9es (directes \u2013 indirectes)<\/h3>\n<p>Les donn\u00e9es sur le site web sont collect\u00e9es de mani\u00e8re directe depuis les formulaires de prise de rendez-vous ou contact, et m\u00eame via des envois d\u2019email en direct et prise de contact par t\u00e9l\u00e9phone. En aucun cas, les donn\u00e9es pr\u00e9sentes ne sont collect\u00e9es aupr\u00e8s de tiers.<\/p>\n\n<h3>Article 5: Transmission des donn\u00e9es<\/h3>\n<p>Les donn\u00e9es en la possession de la soci\u00e9t\u00e9 SARL SIMON &#038; CO ne seront en aucun cas transmises \u00e0 des tiers.<\/p>\n\n<h3>Article 6: Transfert \u00e9ventuel des donn\u00e9es hors Union Europ\u00e9enne ou sous-traitant<\/h3>\n<p>Aucune des donn\u00e9es ne sera transf\u00e9r\u00e9e hors de l\u2019Union Europ\u00e9enne.<\/p>\n\n<h3>Article 7: Conservation des donn\u00e9es<\/h3>\n<p>La soci\u00e9t\u00e9 SARL SIMON &#038; CO conserve les donn\u00e9es clients et utilisateurs pour une dur\u00e9e de 5 ans apr\u00e8s le dernier \u00e9change. Le client \/ utilisateur peut, \u00e0 sa demande, demander \u00e0 rectifier, modifier ou supprimer ses donn\u00e9es.<\/p>\n\n<h3>Article 8: Droits du client sur ses donn\u00e9es<\/h3>\n<p>Le client peut \u00e0 tout moment demander \u00e0 rectifier, modifier ou supprimer ses donn\u00e9es. Concernant les envois \u00e9ventuels de newsletters, celui-ci pourra alors se d\u00e9sinscrire via un lien de d\u00e9sinscription pr\u00e9sent dans la newsletter ou en faire la demande \u00e0 la soci\u00e9t\u00e9 SARL SIMON &#038; CO.<\/p>\n\n<h3>Article 9: D\u00e9cision automatis\u00e9e<\/h3>\n<p>Il n\u2019y a pas d\u2019automatisation compl\u00e8te des d\u00e9cisions sur le site web ou les activit\u00e9s de la soci\u00e9t\u00e9 SARL LA BONNE BAGUETTE, ce qui veut dire que le client n\u2019est en aucun cas priv\u00e9 de ses droits.<\/p>\n\n<h3>Article 10: Droits des clients<\/h3>\n<p>En ce qui concerne leurs donn\u00e9es personnelles, les clients ont le droit d\u2019\u00eatre inform\u00e9s, un droit d\u2019acc\u00e8s, de rectification, d\u2019opposition, d\u2019effacement, et disposent \u00e9galement d\u2019un droit \u00e0 la portabilit\u00e9.<\/p>\n\n<h3>Article 11: S\u00e9curit\u00e9 des donn\u00e9es<\/h3>\n<p>Les \u00e9changes et donn\u00e9es sont crypt\u00e9s gr\u00e2ce \u00e0 l\u2019utilisation d\u2019un certificat de s\u00e9curit\u00e9 SSL pr\u00e9sent sur le site internet.<\/p>\n\n","protected":false},"excerpt":{"rendered":"<p>Article 1 : Identit\u00e9 et coordonn\u00e9es de la soci\u00e9t\u00e9 Nom de la soci\u00e9t\u00e9 : SARL SIMON &#038; CO Adresse : 10 rue Jean Catelas, 80000 Amiens Article 2 : Traitement des donn\u00e9es Les demandes de rendez-vous client ou informations passent par les formulaires de contact du site web. Ces formulaires traitent les uniques donn\u00e9es suivantes, [&hellip;]<\/p>\n","protected":false},"author":1,"featured_media":0,"parent":0,"menu_order":0,"comment_status":"closed","ping_status":"closed","template":"","meta":{"footnotes":""},"class_list":["post-301","page","type-page","status-publish","hentry"],"yoast_head":"<!-- This site is optimized with the Yoast SEO plugin v26.5 - https:\/\/yoast.com\/wordpress\/plugins\/seo\/ -->\n<title>Nos mentions l\u00e9gales - La Bonne Baguette<\/title>\n<meta name=\"description\" content=\"Consultez nos mentions l\u00e9gales pour en savoir plus sur les informations l\u00e9gales et r\u00e9glementaires de la SARL La Bonne Baguette.\" \/>\n<meta name=\"robots\" content=\"index, follow, max-snippet:-1, max-image-preview:large, max-video-preview:-1\" \/>\n<link rel=\"canonical\" href=\"https:\/\/labonnebaguette.fr\/?page_id=301\" \/>\n<meta property=\"og:locale\" content=\"fr_FR\" \/>\n<meta property=\"og:type\" content=\"article\" \/>\n<meta property=\"og:title\" content=\"Nos mentions l\u00e9gales - La Bonne Baguette\" \/>\n<meta property=\"og:description\" content=\"Consultez nos mentions l\u00e9gales pour en savoir plus sur les informations l\u00e9gales et r\u00e9glementaires de la SARL La Bonne Baguette.\" \/>\n<meta property=\"og:url\" content=\"https:\/\/labonnebaguette.fr\/?page_id=301\" \/>\n<meta property=\"og:site_name\" content=\"La Bonne Baguette\" \/>\n<meta property=\"article:publisher\" content=\"https:\/\/www.facebook.com\/boulangerielabonnebaguette\" \/>\n<meta property=\"article:modified_time\" content=\"2024-12-06T08:29:51+00:00\" \/>\n<meta name=\"twitter:card\" content=\"summary_large_image\" \/>\n<meta name=\"twitter:label1\" content=\"Dur\u00e9e de lecture estim\u00e9e\" \/>\n\t<meta name=\"twitter:data1\" content=\"3 minutes\" \/>\n<script type=\"application\/ld+json\" class=\"yoast-schema-graph\">{\"@context\":\"https:\/\/schema.org\",\"@graph\":[{\"@type\":\"WebPage\",\"@id\":\"https:\/\/labonnebaguette.fr\/?page_id=301\",\"url\":\"https:\/\/labonnebaguette.fr\/?page_id=301\",\"name\":\"Nos mentions l\u00e9gales - La Bonne Baguette\",\"isPartOf\":{\"@id\":\"https:\/\/labonnebaguette.fr\/#website\"},\"datePublished\":\"2024-12-02T10:34:06+00:00\",\"dateModified\":\"2024-12-06T08:29:51+00:00\",\"description\":\"Consultez nos mentions l\u00e9gales pour en savoir plus sur les informations l\u00e9gales et r\u00e9glementaires de la SARL La Bonne Baguette.\",\"breadcrumb\":{\"@id\":\"https:\/\/labonnebaguette.fr\/?page_id=301#breadcrumb\"},\"inLanguage\":\"fr-FR\",\"potentialAction\":[{\"@type\":\"ReadAction\",\"target\":[\"https:\/\/labonnebaguette.fr\/?page_id=301\"]}]},{\"@type\":\"BreadcrumbList\",\"@id\":\"https:\/\/labonnebaguette.fr\/?page_id=301#breadcrumb\",\"itemListElement\":[{\"@type\":\"ListItem\",\"position\":1,\"name\":\"Accueil\",\"item\":\"https:\/\/labonnebaguette.fr\/\"},{\"@type\":\"ListItem\",\"position\":2,\"name\":\"Nos mentions l\u00e9gales\"}]},{\"@type\":\"WebSite\",\"@id\":\"https:\/\/labonnebaguette.fr\/#website\",\"url\":\"https:\/\/labonnebaguette.fr\/\",\"name\":\"La Bonne Baguette - La P\u00e9trie\",\"description\":\"La P\u00e9trie\",\"publisher\":{\"@id\":\"https:\/\/labonnebaguette.fr\/#organization\"},\"potentialAction\":[{\"@type\":\"SearchAction\",\"target\":{\"@type\":\"EntryPoint\",\"urlTemplate\":\"https:\/\/labonnebaguette.fr\/?s={search_term_string}\"},\"query-input\":{\"@type\":\"PropertyValueSpecification\",\"valueRequired\":true,\"valueName\":\"search_term_string\"}}],\"inLanguage\":\"fr-FR\"},{\"@type\":\"Organization\",\"@id\":\"https:\/\/labonnebaguette.fr\/#organization\",\"name\":\"La Bonne Baguette\",\"url\":\"https:\/\/labonnebaguette.fr\/\",\"logo\":{\"@type\":\"ImageObject\",\"inLanguage\":\"fr-FR\",\"@id\":\"https:\/\/labonnebaguette.fr\/#\/schema\/logo\/image\/\",\"url\":\"https:\/\/labonnebaguette.fr\/wp-content\/uploads\/2024\/11\/logo-lapetrie-5.png\",\"contentUrl\":\"https:\/\/labonnebaguette.fr\/wp-content\/uploads\/2024\/11\/logo-lapetrie-5.png\",\"width\":180,\"height\":188,\"caption\":\"La Bonne Baguette\"},\"image\":{\"@id\":\"https:\/\/labonnebaguette.fr\/#\/schema\/logo\/image\/\"},\"sameAs\":[\"https:\/\/www.facebook.com\/boulangerielabonnebaguette\"]}]}<\/script>\n<!-- \/ Yoast SEO plugin. -->","yoast_head_json":{"title":"Nos mentions l\u00e9gales - La Bonne Baguette","description":"Consultez nos mentions l\u00e9gales pour en savoir plus sur les informations l\u00e9gales et r\u00e9glementaires de la SARL La Bonne Baguette.","robots":{"index":"index","follow":"follow","max-snippet":"max-snippet:-1","max-image-preview":"max-image-preview:large","max-video-preview":"max-video-preview:-1"},"canonical":"https:\/\/labonnebaguette.fr\/?page_id=301","og_locale":"fr_FR","og_type":"article","og_title":"Nos mentions l\u00e9gales - La Bonne Baguette","og_description":"Consultez nos mentions l\u00e9gales pour en savoir plus sur les informations l\u00e9gales et r\u00e9glementaires de la SARL La Bonne Baguette.","og_url":"https:\/\/labonnebaguette.fr\/?page_id=301","og_site_name":"La Bonne Baguette","article_publisher":"https:\/\/www.facebook.com\/boulangerielabonnebaguette","article_modified_time":"2024-12-06T08:29:51+00:00","twitter_card":"summary_large_image","twitter_misc":{"Dur\u00e9e de lecture estim\u00e9e":"3 minutes"},"schema":{"@context":"https:\/\/schema.org","@graph":[{"@type":"WebPage","@id":"https:\/\/labonnebaguette.fr\/?page_id=301","url":"https:\/\/labonnebaguette.fr\/?page_id=301","name":"Nos mentions l\u00e9gales - La Bonne Baguette","isPartOf":{"@id":"https:\/\/labonnebaguette.fr\/#website"},"datePublished":"2024-12-02T10:34:06+00:00","dateModified":"2024-12-06T08:29:51+00:00","description":"Consultez nos mentions l\u00e9gales pour en savoir plus sur les informations l\u00e9gales et r\u00e9glementaires de la SARL La Bonne Baguette.","breadcrumb":{"@id":"https:\/\/labonnebaguette.fr\/?page_id=301#breadcrumb"},"inLanguage":"fr-FR","potentialAction":[{"@type":"ReadAction","target":["https:\/\/labonnebaguette.fr\/?page_id=301"]}]},{"@type":"BreadcrumbList","@id":"https:\/\/labonnebaguette.fr\/?page_id=301#breadcrumb","itemListElement":[{"@type":"ListItem","position":1,"name":"Accueil","item":"https:\/\/labonnebaguette.fr\/"},{"@type":"ListItem","position":2,"name":"Nos mentions l\u00e9gales"}]},{"@type":"WebSite","@id":"https:\/\/labonnebaguette.fr\/#website","url":"https:\/\/labonnebaguette.fr\/","name":"La Bonne Baguette - La P\u00e9trie","description":"La P\u00e9trie","publisher":{"@id":"https:\/\/labonnebaguette.fr\/#organization"},"potentialAction":[{"@type":"SearchAction","target":{"@type":"EntryPoint","urlTemplate":"https:\/\/labonnebaguette.fr\/?s={search_term_string}"},"query-input":{"@type":"PropertyValueSpecification","valueRequired":true,"valueName":"search_term_string"}}],"inLanguage":"fr-FR"},{"@type":"Organization","@id":"https:\/\/labonnebaguette.fr\/#organization","name":"La Bonne Baguette","url":"https:\/\/labonnebaguette.fr\/","logo":{"@type":"ImageObject","inLanguage":"fr-FR","@id":"https:\/\/labonnebaguette.fr\/#\/schema\/logo\/image\/","url":"https:\/\/labonnebaguette.fr\/wp-content\/uploads\/2024\/11\/logo-lapetrie-5.png","contentUrl":"https:\/\/labonnebaguette.fr\/wp-content\/uploads\/2024\/11\/logo-lapetrie-5.png","width":180,"height":188,"caption":"La Bonne Baguette"},"image":{"@id":"https:\/\/labonnebaguette.fr\/#\/schema\/logo\/image\/"},"sameAs":["https:\/\/www.facebook.com\/boulangerielabonnebaguette"]}]}},"_links":{"self":[{"href":"https:\/\/labonnebaguette.fr\/index.php?rest_route=\/wp\/v2\/pages\/301","targetHints":{"allow":["GET"]}}],"collection":[{"href":"https:\/\/labonnebaguette.fr\/index.php?rest_route=\/wp\/v2\/pages"}],"about":[{"href":"https:\/\/labonnebaguette.fr\/index.php?rest_route=\/wp\/v2\/types\/page"}],"author":[{"embeddable":true,"href":"https:\/\/labonnebaguette.fr\/index.php?rest_route=\/wp\/v2\/users\/1"}],"replies":[{"embeddable":true,"href":"https:\/\/labonnebaguette.fr\/index.php?rest_route=%2Fwp%2Fv2%2Fcomments&post=301"}],"version-history":[{"count":14,"href":"https:\/\/labonnebaguette.fr\/index.php?rest_route=\/wp\/v2\/pages\/301\/revisions"}],"predecessor-version":[{"id":554,"href":"https:\/\/labonnebaguette.fr\/index.php?rest_route=\/wp\/v2\/pages\/301\/revisions\/554"}],"wp:attachment":[{"href":"https:\/\/labonnebaguette.fr\/index.php?rest_route=%2Fwp%2Fv2%2Fmedia&parent=301"}],"curies":[{"name":"wp","href":"https:\/\/api.w.org\/{rel}","templated":true}]}}