{"id":284,"date":"2024-12-02T10:28:28","date_gmt":"2024-12-02T09:28:28","guid":{"rendered":"https:\/\/labonnebaguette.fr\/?page_id=284"},"modified":"2024-12-03T10:00:01","modified_gmt":"2024-12-03T09:00:01","slug":"newsletter-2","status":"publish","type":"page","link":"https:\/\/labonnebaguette.fr\/?page_id=284","title":{"rendered":"Newsletter"},"content":{"rendered":"<p><\/br><\/p>\n<h4 class=\"titrenews\">Abonnez-vous \u00e0 notre newsletter pour recevoir les derni\u00e8res nouveaut\u00e9s et offres exclusives directement par mail !<\/h4>\n<p><\/br><br \/>\n<div class=\"tnp tnp-subscription \">\n<form method=\"post\" action=\"https:\/\/labonnebaguette.fr\/wp-admin\/admin-ajax.php?action=tnp&amp;na=s\">\n<input type=\"hidden\" name=\"nlang\" value=\"\">\n<div class=\"tnp-field tnp-field-email\"><label for=\"tnp-1\">E-mail<\/label>\n<input class=\"tnp-email\" type=\"email\" name=\"ne\" id=\"tnp-1\" value=\"\" placeholder=\"\" required><\/div>\n<div class=\"tnp-field tnp-field-button\" style=\"text-align: left\"><input class=\"tnp-submit\" type=\"submit\" value=\"S&#039;abonner\" style=\"\">\n<\/div>\n<\/form>\n<\/div>\n<br \/>\n<\/br> <\/br> <\/br> <\/br> <\/br> <\/br> <\/br> <\/br><\/p>\n","protected":false},"excerpt":{"rendered":"<p>Abonnez-vous \u00e0 notre newsletter pour recevoir les derni\u00e8res nouveaut\u00e9s et offres exclusives directement par mail !<\/p>\n","protected":false},"author":1,"featured_media":0,"parent":0,"menu_order":0,"comment_status":"closed","ping_status":"closed","template":"","meta":{"footnotes":""},"class_list":["post-284","page","type-page","status-publish","hentry"],"yoast_head":"<!-- This site is optimized with the Yoast SEO plugin v26.5 - https:\/\/yoast.com\/wordpress\/plugins\/seo\/ -->\n<title>Newsletter - La Bonne Baguette<\/title>\n<meta name=\"description\" content=\"Abonnez-vous \u00e0 notre newsletter pour recevoir des offres sp\u00e9ciales et les derni\u00e8res actualit\u00e9s directement dans votre bo\u00eete mail !\" \/>\n<meta name=\"robots\" content=\"index, follow, max-snippet:-1, max-image-preview:large, max-video-preview:-1\" \/>\n<link rel=\"canonical\" href=\"https:\/\/labonnebaguette.fr\/?page_id=284\" \/>\n<meta property=\"og:locale\" content=\"fr_FR\" \/>\n<meta property=\"og:type\" content=\"article\" \/>\n<meta property=\"og:title\" content=\"Newsletter - La Bonne Baguette\" \/>\n<meta property=\"og:description\" content=\"Abonnez-vous \u00e0 notre newsletter pour recevoir des offres sp\u00e9ciales et les derni\u00e8res actualit\u00e9s directement dans votre bo\u00eete mail !\" \/>\n<meta property=\"og:url\" content=\"https:\/\/labonnebaguette.fr\/?page_id=284\" \/>\n<meta property=\"og:site_name\" content=\"La Bonne Baguette\" \/>\n<meta property=\"article:publisher\" content=\"https:\/\/www.facebook.com\/boulangerielabonnebaguette\" \/>\n<meta property=\"article:modified_time\" content=\"2024-12-03T09:00:01+00:00\" \/>\n<meta name=\"twitter:card\" content=\"summary_large_image\" \/>\n<meta name=\"twitter:label1\" content=\"Dur\u00e9e de lecture estim\u00e9e\" \/>\n\t<meta name=\"twitter:data1\" content=\"1 minute\" \/>\n<script type=\"application\/ld+json\" class=\"yoast-schema-graph\">{\"@context\":\"https:\/\/schema.org\",\"@graph\":[{\"@type\":\"WebPage\",\"@id\":\"https:\/\/labonnebaguette.fr\/?page_id=284\",\"url\":\"https:\/\/labonnebaguette.fr\/?page_id=284\",\"name\":\"Newsletter - La Bonne Baguette\",\"isPartOf\":{\"@id\":\"https:\/\/labonnebaguette.fr\/#website\"},\"datePublished\":\"2024-12-02T09:28:28+00:00\",\"dateModified\":\"2024-12-03T09:00:01+00:00\",\"description\":\"Abonnez-vous \u00e0 notre newsletter pour recevoir des offres sp\u00e9ciales et les derni\u00e8res actualit\u00e9s directement dans votre bo\u00eete mail !\",\"breadcrumb\":{\"@id\":\"https:\/\/labonnebaguette.fr\/?page_id=284#breadcrumb\"},\"inLanguage\":\"fr-FR\",\"potentialAction\":[{\"@type\":\"ReadAction\",\"target\":[\"https:\/\/labonnebaguette.fr\/?page_id=284\"]}]},{\"@type\":\"BreadcrumbList\",\"@id\":\"https:\/\/labonnebaguette.fr\/?page_id=284#breadcrumb\",\"itemListElement\":[{\"@type\":\"ListItem\",\"position\":1,\"name\":\"Accueil\",\"item\":\"https:\/\/labonnebaguette.fr\/\"},{\"@type\":\"ListItem\",\"position\":2,\"name\":\"Newsletter\"}]},{\"@type\":\"WebSite\",\"@id\":\"https:\/\/labonnebaguette.fr\/#website\",\"url\":\"https:\/\/labonnebaguette.fr\/\",\"name\":\"La Bonne Baguette - La P\u00e9trie\",\"description\":\"La P\u00e9trie\",\"publisher\":{\"@id\":\"https:\/\/labonnebaguette.fr\/#organization\"},\"potentialAction\":[{\"@type\":\"SearchAction\",\"target\":{\"@type\":\"EntryPoint\",\"urlTemplate\":\"https:\/\/labonnebaguette.fr\/?s={search_term_string}\"},\"query-input\":{\"@type\":\"PropertyValueSpecification\",\"valueRequired\":true,\"valueName\":\"search_term_string\"}}],\"inLanguage\":\"fr-FR\"},{\"@type\":\"Organization\",\"@id\":\"https:\/\/labonnebaguette.fr\/#organization\",\"name\":\"La Bonne Baguette\",\"url\":\"https:\/\/labonnebaguette.fr\/\",\"logo\":{\"@type\":\"ImageObject\",\"inLanguage\":\"fr-FR\",\"@id\":\"https:\/\/labonnebaguette.fr\/#\/schema\/logo\/image\/\",\"url\":\"https:\/\/labonnebaguette.fr\/wp-content\/uploads\/2024\/11\/logo-lapetrie-5.png\",\"contentUrl\":\"https:\/\/labonnebaguette.fr\/wp-content\/uploads\/2024\/11\/logo-lapetrie-5.png\",\"width\":180,\"height\":188,\"caption\":\"La Bonne Baguette\"},\"image\":{\"@id\":\"https:\/\/labonnebaguette.fr\/#\/schema\/logo\/image\/\"},\"sameAs\":[\"https:\/\/www.facebook.com\/boulangerielabonnebaguette\"]}]}<\/script>\n<!-- \/ Yoast SEO plugin. -->","yoast_head_json":{"title":"Newsletter - La Bonne Baguette","description":"Abonnez-vous \u00e0 notre newsletter pour recevoir des offres sp\u00e9ciales et les derni\u00e8res actualit\u00e9s directement dans votre bo\u00eete mail !","robots":{"index":"index","follow":"follow","max-snippet":"max-snippet:-1","max-image-preview":"max-image-preview:large","max-video-preview":"max-video-preview:-1"},"canonical":"https:\/\/labonnebaguette.fr\/?page_id=284","og_locale":"fr_FR","og_type":"article","og_title":"Newsletter - La Bonne Baguette","og_description":"Abonnez-vous \u00e0 notre newsletter pour recevoir des offres sp\u00e9ciales et les derni\u00e8res actualit\u00e9s directement dans votre bo\u00eete mail !","og_url":"https:\/\/labonnebaguette.fr\/?page_id=284","og_site_name":"La Bonne Baguette","article_publisher":"https:\/\/www.facebook.com\/boulangerielabonnebaguette","article_modified_time":"2024-12-03T09:00:01+00:00","twitter_card":"summary_large_image","twitter_misc":{"Dur\u00e9e de lecture estim\u00e9e":"1 minute"},"schema":{"@context":"https:\/\/schema.org","@graph":[{"@type":"WebPage","@id":"https:\/\/labonnebaguette.fr\/?page_id=284","url":"https:\/\/labonnebaguette.fr\/?page_id=284","name":"Newsletter - La Bonne Baguette","isPartOf":{"@id":"https:\/\/labonnebaguette.fr\/#website"},"datePublished":"2024-12-02T09:28:28+00:00","dateModified":"2024-12-03T09:00:01+00:00","description":"Abonnez-vous \u00e0 notre newsletter pour recevoir des offres sp\u00e9ciales et les derni\u00e8res actualit\u00e9s directement dans votre bo\u00eete mail !","breadcrumb":{"@id":"https:\/\/labonnebaguette.fr\/?page_id=284#breadcrumb"},"inLanguage":"fr-FR","potentialAction":[{"@type":"ReadAction","target":["https:\/\/labonnebaguette.fr\/?page_id=284"]}]},{"@type":"BreadcrumbList","@id":"https:\/\/labonnebaguette.fr\/?page_id=284#breadcrumb","itemListElement":[{"@type":"ListItem","position":1,"name":"Accueil","item":"https:\/\/labonnebaguette.fr\/"},{"@type":"ListItem","position":2,"name":"Newsletter"}]},{"@type":"WebSite","@id":"https:\/\/labonnebaguette.fr\/#website","url":"https:\/\/labonnebaguette.fr\/","name":"La Bonne Baguette - La P\u00e9trie","description":"La P\u00e9trie","publisher":{"@id":"https:\/\/labonnebaguette.fr\/#organization"},"potentialAction":[{"@type":"SearchAction","target":{"@type":"EntryPoint","urlTemplate":"https:\/\/labonnebaguette.fr\/?s={search_term_string}"},"query-input":{"@type":"PropertyValueSpecification","valueRequired":true,"valueName":"search_term_string"}}],"inLanguage":"fr-FR"},{"@type":"Organization","@id":"https:\/\/labonnebaguette.fr\/#organization","name":"La Bonne Baguette","url":"https:\/\/labonnebaguette.fr\/","logo":{"@type":"ImageObject","inLanguage":"fr-FR","@id":"https:\/\/labonnebaguette.fr\/#\/schema\/logo\/image\/","url":"https:\/\/labonnebaguette.fr\/wp-content\/uploads\/2024\/11\/logo-lapetrie-5.png","contentUrl":"https:\/\/labonnebaguette.fr\/wp-content\/uploads\/2024\/11\/logo-lapetrie-5.png","width":180,"height":188,"caption":"La Bonne Baguette"},"image":{"@id":"https:\/\/labonnebaguette.fr\/#\/schema\/logo\/image\/"},"sameAs":["https:\/\/www.facebook.com\/boulangerielabonnebaguette"]}]}},"_links":{"self":[{"href":"https:\/\/labonnebaguette.fr\/index.php?rest_route=\/wp\/v2\/pages\/284","targetHints":{"allow":["GET"]}}],"collection":[{"href":"https:\/\/labonnebaguette.fr\/index.php?rest_route=\/wp\/v2\/pages"}],"about":[{"href":"https:\/\/labonnebaguette.fr\/index.php?rest_route=\/wp\/v2\/types\/page"}],"author":[{"embeddable":true,"href":"https:\/\/labonnebaguette.fr\/index.php?rest_route=\/wp\/v2\/users\/1"}],"replies":[{"embeddable":true,"href":"https:\/\/labonnebaguette.fr\/index.php?rest_route=%2Fwp%2Fv2%2Fcomments&post=284"}],"version-history":[{"count":12,"href":"https:\/\/labonnebaguette.fr\/index.php?rest_route=\/wp\/v2\/pages\/284\/revisions"}],"predecessor-version":[{"id":410,"href":"https:\/\/labonnebaguette.fr\/index.php?rest_route=\/wp\/v2\/pages\/284\/revisions\/410"}],"wp:attachment":[{"href":"https:\/\/labonnebaguette.fr\/index.php?rest_route=%2Fwp%2Fv2%2Fmedia&parent=284"}],"curies":[{"name":"wp","href":"https:\/\/api.w.org\/{rel}","templated":true}]}}