{"id":163,"date":"2024-11-28T15:45:34","date_gmt":"2024-11-28T14:45:34","guid":{"rendered":"https:\/\/labonnebaguette.fr\/?page_id=163"},"modified":"2025-01-12T11:44:27","modified_gmt":"2025-01-12T10:44:27","slug":"notre-histoire","status":"publish","type":"page","link":"https:\/\/labonnebaguette.fr\/?page_id=163","title":{"rendered":"Notre histoire"},"content":{"rendered":"<p><\/br><\/p>\n\n\n<p class=\"has-text-align-center\" id=\"histoiretext\">\u00c0 seulement 24 ans, Simon Hue, entrepreneur boulanger, arri\u00e8re petit-fils de deux meuniers (l\u2019un au Pays Basque et l\u2019autre de Bretagne) et \u00e9picurien dans l&rsquo;\u00e2me, d\u00e9cide d\u2019ouvrir une boulangerie moderne et 100% Maison.<\/p>\n\n\n\n<p class=\"has-text-align-center\" id=\"histoiretext\"><br>Dipl\u00f4m\u00e9 d&rsquo;une \u00e9cole de commerce et riche d&rsquo;une exp\u00e9rience r\u00e9ussie dans le commerce alimentaire, Simon a su allier ses comp\u00e9tences entrepreneuriales \u00e0 sa passion pour le bon et le beau. Son esprit d\u2019innovation et son exigence lui permettent de composer une \u00e9quipe soud\u00e9e de passionn\u00e9(e)s qui s\u2019agrandit au fil des ann\u00e9es.<\/p>\n\n\n\n<p class=\"has-text-align-center\" id=\"histoiretext\"><br>Depuis son ouverture, La P\u00e9trie s\u2019est impos\u00e9e comme une adresse incontournable \u00e0<br>Amiens. <\/p>\n\n\n\n<p class=\"has-text-align-center\" id=\"histoiretext\">Notre \u00e9quipe s\u2019engage chaque jour \u00e0 confectionner des pains, viennoiseries et p\u00e2tisseries qui racontent une histoire construite autour de nos valeurs : la qualit\u00e9, la rigueur et la convivialit\u00e9.<\/p>\n\n\n<p><\/br> <\/br> <\/br> <\/br><\/p>\n\n\n<div class=\"wp-block-columns alignwide is-layout-flex wp-container-core-columns-is-layout-25593187 wp-block-columns-is-layout-flex\">\n<div class=\"wp-block-column is-vertically-aligned-center is-layout-flow wp-container-core-column-is-layout-a1628350 wp-block-column-is-layout-flow\" style=\"padding-top:0;padding-right:0;padding-bottom:0;padding-left:0\">\n<div class=\"wp-block-group is-layout-flow wp-container-core-group-is-layout-ff697075 wp-block-group-is-layout-flow\">\n<h3 class=\"wp-block-heading has-text-align-left has-superbfont-xlarge-font-size\" id=\"descHistoire\" style=\"line-height:1.2\">LA QUALIT\u00c9 :<\/h3>\n\n\n\n<p class=\"has-text-align-left has-mono-2-color has-text-color has-superbfont-small-font-size\" id=\"descHistoire\">De service, car plus que jamais nous souhaitons que nos clients soient accueillis avec attention, sourire et professionnalisme. <br> <br> De produit, parce que chaque d\u00e9tail compte, nous avons choisi de travailler avec des mati\u00e8res premi\u00e8res d\u2019exception (Beurre AOP Grand Cru, Oeufs plein air, lait des Hauts- de-France, Chocolat Single Origin, Farines de grande qualit\u00e9 d\u2019un moulin familial de Champagne-Ardenne, Sel de Noirmoutier, etc\u2026).<br> <br> De travail, nous offrons \u00e0 nos \u00e9quipes une qualit\u00e9 de travail \u00e0 la hauteur de leur investissement. Laboratoires climatis\u00e9s, mat\u00e9riel r\u00e9cent, machines innovantes, effectif suffisant.<\/p>\n<\/div>\n<\/div>\n\n\n\n<div class=\"wp-block-column is-vertically-aligned-center is-layout-flow wp-container-core-column-is-layout-40a2a7e8 wp-block-column-is-layout-flow\" style=\"padding-right:0;padding-bottom:0;padding-left:0\">\n<figure class=\"wp-block-image size-large has-custom-border\"><img width=\"724\" height=\"1024\"  alt=\"\" class=\"wp-image-744 lws-optimize-lazyload\" style=\"border-radius:0px\"\/ data-src=\"https:\/\/labonnebaguette.fr\/wp-content\/uploads\/2024\/12\/IMG_1125-724x1024.jpg\" srcset=\"https:\/\/labonnebaguette.fr\/wp-content\/uploads\/2024\/12\/IMG_1125-724x1024.jpg 724w, https:\/\/labonnebaguette.fr\/wp-content\/uploads\/2024\/12\/IMG_1125-212x300.jpg 212w, https:\/\/labonnebaguette.fr\/wp-content\/uploads\/2024\/12\/IMG_1125-768x1086.jpg 768w, https:\/\/labonnebaguette.fr\/wp-content\/uploads\/2024\/12\/IMG_1125-1087x1536.jpg 1087w, https:\/\/labonnebaguette.fr\/wp-content\/uploads\/2024\/12\/IMG_1125.jpg 1170w\" sizes=\"(max-width: 724px) 100vw, 724px\" \/><\/figure>\n<\/div>\n<\/div>\n\n\n<p><\/br> <\/br> <\/br><\/p>\n\n\n<div class=\"wp-block-columns alignwide is-layout-flex wp-container-core-columns-is-layout-25593187 wp-block-columns-is-layout-flex\">\n<div class=\"wp-block-column is-vertically-aligned-center is-layout-flow wp-container-core-column-is-layout-40a2a7e8 wp-block-column-is-layout-flow\" style=\"padding-right:0;padding-bottom:0;padding-left:0\">\n<figure class=\"wp-block-image size-large has-custom-border\"><img width=\"1024\" height=\"683\"  alt=\"\" class=\"wp-image-1165 lws-optimize-lazyload\"\/ data-src=\"https:\/\/labonnebaguette.fr\/wp-content\/uploads\/2024\/12\/IMG_1941-1024x683.jpg\" srcset=\"https:\/\/labonnebaguette.fr\/wp-content\/uploads\/2024\/12\/IMG_1941-1024x683.jpg 1024w, https:\/\/labonnebaguette.fr\/wp-content\/uploads\/2024\/12\/IMG_1941-300x200.jpg 300w, https:\/\/labonnebaguette.fr\/wp-content\/uploads\/2024\/12\/IMG_1941-768x512.jpg 768w, https:\/\/labonnebaguette.fr\/wp-content\/uploads\/2024\/12\/IMG_1941-1536x1024.jpg 1536w, https:\/\/labonnebaguette.fr\/wp-content\/uploads\/2024\/12\/IMG_1941.jpg 2048w\" sizes=\"(max-width: 1024px) 100vw, 1024px\" \/><\/figure>\n\n\n\n<center> Yohann, notre responsable tourier, 3\u00e8me place au concours du meilleur croissant de France <\/center>\n<\/div>\n\n\n\n<div class=\"wp-block-column is-vertically-aligned-center is-layout-flow wp-container-core-column-is-layout-a1628350 wp-block-column-is-layout-flow\" style=\"padding-top:0;padding-right:0;padding-bottom:0;padding-left:0\">\n<div class=\"wp-block-group is-layout-flow wp-container-core-group-is-layout-ff697075 wp-block-group-is-layout-flow\">\n<h3 class=\"wp-block-heading has-text-align-left has-superbfont-xlarge-font-size\" id=\"descHistoire\" style=\"line-height:1.2\">LA RIGUEUR :<\/h3>\n\n\n\n<p class=\"has-text-align-left has-mono-2-color has-text-color has-superbfont-small-font-size\" id=\"descHistoire\">Comme le dit souvent Simon, faire du moyen \/ bon c\u2019est facile, faire du tr\u00e8s bon \/ excellent c\u2019est une autre paire de manche. La confiance que nos clients nous accorde repr\u00e9sente beaucoup \u00e0 nos yeux et c\u2019est dans chaque d\u00e9tail que nous nous d\u00e9marquons. L\u2019exigence que nous nous fixons demande une rigueur dans chaque \u00e9tape. <br> <br> Chaque ann\u00e9e, nous formons de nombreux apprentis, et nous leur offrons des perspectives d\u2019embauche et d\u2019\u00e9volution, seule une rigueur suffisante leur permettra d\u2019atteindre ces objectifs et c\u2019est pourquoi nous leur transmettons le go\u00fbt et l\u2019exigence du travail bien fait.<\/p>\n<\/div>\n<\/div>\n<\/div>\n\n\n<p><\/br> <\/br> <\/br><\/p>\n\n\n<div class=\"wp-block-columns alignwide is-layout-flex wp-container-core-columns-is-layout-25593187 wp-block-columns-is-layout-flex\">\n<div class=\"wp-block-column is-vertically-aligned-center is-layout-flow wp-container-core-column-is-layout-a1628350 wp-block-column-is-layout-flow\" style=\"padding-top:0;padding-right:0;padding-bottom:0;padding-left:0\">\n<div class=\"wp-block-group is-layout-flow wp-container-core-group-is-layout-ff697075 wp-block-group-is-layout-flow\">\n<h3 class=\"wp-block-heading has-text-align-left has-superbfont-xlarge-font-size\" id=\"descHistoire\" style=\"line-height:1.2\">LA CONVIVIALIT\u00c9 :<\/h3>\n\n\n\n<p class=\"has-text-align-left has-mono-2-color has-text-color has-superbfont-small-font-size\" id=\"descHistoire\">L\u2019exigence de la qualit\u00e9 et d\u2019un travail rigoureux ne soit aucunement se faire au d\u00e9triment de l\u2019ambiance de travail. Il est essentiel que nos \u00e9quipes se sentent bien et qu\u2019elle prenne du plaisir \u00e0 venir travailler.<\/p>\n\n\n\n<p class=\"has-text-align-left has-mono-2-color has-text-color has-superbfont-small-font-size\" id=\"descHistoire\"><br>Plus qu\u2019un travail sans int\u00e9r\u00eat, nous souhaitons que chacun mesure l\u2019importance de sa pr\u00e9sence dans l\u2019entreprise.<\/p>\n\n\n\n<p class=\"has-text-align-left has-mono-2-color has-text-color has-superbfont-small-font-size\" id=\"descHistoire\">Chacun compte, personne n\u2019est essentiel mais tout le monde est indispensable.<\/p>\n<\/div>\n<\/div>\n\n\n\n<div class=\"wp-block-column is-vertically-aligned-center is-layout-flow wp-container-core-column-is-layout-40a2a7e8 wp-block-column-is-layout-flow\" style=\"padding-right:0;padding-bottom:0;padding-left:0\">\n<figure class=\"wp-block-image size-large has-custom-border\"><img width=\"819\" height=\"1024\"  alt=\"\" class=\"wp-image-1167 lws-optimize-lazyload\" style=\"border-radius:0px\"\/ data-src=\"https:\/\/labonnebaguette.fr\/wp-content\/uploads\/2024\/12\/460204869_18428792728068756_719283444028637405_n-819x1024.jpg\" srcset=\"https:\/\/labonnebaguette.fr\/wp-content\/uploads\/2024\/12\/460204869_18428792728068756_719283444028637405_n-819x1024.jpg 819w, https:\/\/labonnebaguette.fr\/wp-content\/uploads\/2024\/12\/460204869_18428792728068756_719283444028637405_n-240x300.jpg 240w, https:\/\/labonnebaguette.fr\/wp-content\/uploads\/2024\/12\/460204869_18428792728068756_719283444028637405_n-768x960.jpg 768w, https:\/\/labonnebaguette.fr\/wp-content\/uploads\/2024\/12\/460204869_18428792728068756_719283444028637405_n-1229x1536.jpg 1229w, https:\/\/labonnebaguette.fr\/wp-content\/uploads\/2024\/12\/460204869_18428792728068756_719283444028637405_n.jpg 1440w\" sizes=\"(max-width: 819px) 100vw, 819px\" \/><\/figure>\n<\/div>\n<\/div>\n\n\n<p><\/br> <\/br> <\/br><\/p>\n<p> <center> Aujourd\u2019hui, La P\u00e9trie continue de grandir tout en restant fid\u00e8le \u00e0 ses valeurs. <\/br> <\/br><br \/>\nNous cr\u00e9ons de nouvelles boutiques, parce que nous aimons \u00e7a, mais surtout parce que<br \/>\nnous souhaitons embaucher nos apprentis et faire \u00e9voluer nos collaborateurs pour qu\u2019ils<br \/>\nrestent dans la famille La P\u00e9trie sur le long terme.  <\/br> <\/br><br \/>\nAlors si vous aussi, cette histoire vous inspire, <a href=\"https:\/\/labonnebaguette.fr\/?page_id=37\"> rejoignez-nous !<\/a><\/center> <\/p>","protected":false},"excerpt":{"rendered":"<p>\u00c0 seulement 24 ans, Simon Hue, entrepreneur boulanger, arri\u00e8re petit-fils de deux meuniers (l\u2019un au Pays Basque et l\u2019autre de Bretagne) et \u00e9picurien dans l&rsquo;\u00e2me, d\u00e9cide d\u2019ouvrir une boulangerie moderne et 100% Maison. Dipl\u00f4m\u00e9 d&rsquo;une \u00e9cole de commerce et riche d&rsquo;une exp\u00e9rience r\u00e9ussie dans le commerce alimentaire, Simon a su allier ses comp\u00e9tences entrepreneuriales \u00e0 [&hellip;]<\/p>\n","protected":false},"author":1,"featured_media":0,"parent":0,"menu_order":0,"comment_status":"closed","ping_status":"closed","template":"","meta":{"footnotes":""},"class_list":["post-163","page","type-page","status-publish","hentry"],"yoast_head":"<!-- This site is optimized with the Yoast SEO plugin v26.5 - https:\/\/yoast.com\/wordpress\/plugins\/seo\/ -->\n<title>Notre histoire - La Bonne Baguette<\/title>\n<meta name=\"description\" content=\"D\u00e9couvrez l&#039;histoire de notre boulangerie : une aventure passionn\u00e9e, des recettes artisanales et un savoir-faire unique au service du go\u00fbt.\" \/>\n<meta name=\"robots\" content=\"index, follow, max-snippet:-1, max-image-preview:large, max-video-preview:-1\" \/>\n<link rel=\"canonical\" href=\"https:\/\/labonnebaguette.fr\/?page_id=163\" \/>\n<meta property=\"og:locale\" content=\"fr_FR\" \/>\n<meta property=\"og:type\" content=\"article\" \/>\n<meta property=\"og:title\" content=\"Notre histoire - La Bonne Baguette\" \/>\n<meta property=\"og:description\" content=\"D\u00e9couvrez l&#039;histoire de notre boulangerie : une aventure passionn\u00e9e, des recettes artisanales et un savoir-faire unique au service du go\u00fbt.\" \/>\n<meta property=\"og:url\" content=\"https:\/\/labonnebaguette.fr\/?page_id=163\" \/>\n<meta property=\"og:site_name\" content=\"La Bonne Baguette\" \/>\n<meta property=\"article:publisher\" content=\"https:\/\/www.facebook.com\/boulangerielabonnebaguette\" \/>\n<meta property=\"article:modified_time\" content=\"2025-01-12T10:44:27+00:00\" \/>\n<meta property=\"og:image\" content=\"https:\/\/labonnebaguette.fr\/wp-content\/uploads\/2024\/12\/IMG_1125.jpg\" \/>\n\t<meta property=\"og:image:width\" content=\"1170\" \/>\n\t<meta property=\"og:image:height\" content=\"1654\" \/>\n\t<meta property=\"og:image:type\" content=\"image\/jpeg\" \/>\n<meta name=\"twitter:card\" content=\"summary_large_image\" \/>\n<meta name=\"twitter:label1\" content=\"Dur\u00e9e de lecture estim\u00e9e\" \/>\n\t<meta name=\"twitter:data1\" content=\"3 minutes\" \/>\n<script type=\"application\/ld+json\" class=\"yoast-schema-graph\">{\"@context\":\"https:\/\/schema.org\",\"@graph\":[{\"@type\":\"WebPage\",\"@id\":\"https:\/\/labonnebaguette.fr\/?page_id=163\",\"url\":\"https:\/\/labonnebaguette.fr\/?page_id=163\",\"name\":\"Notre histoire - La Bonne Baguette\",\"isPartOf\":{\"@id\":\"https:\/\/labonnebaguette.fr\/#website\"},\"primaryImageOfPage\":{\"@id\":\"https:\/\/labonnebaguette.fr\/?page_id=163#primaryimage\"},\"image\":{\"@id\":\"https:\/\/labonnebaguette.fr\/?page_id=163#primaryimage\"},\"thumbnailUrl\":\"https:\/\/labonnebaguette.fr\/wp-content\/uploads\/2024\/12\/IMG_1125-724x1024.jpg\",\"datePublished\":\"2024-11-28T14:45:34+00:00\",\"dateModified\":\"2025-01-12T10:44:27+00:00\",\"description\":\"D\u00e9couvrez l'histoire de notre boulangerie : une aventure passionn\u00e9e, des recettes artisanales et un savoir-faire unique au service du go\u00fbt.\",\"breadcrumb\":{\"@id\":\"https:\/\/labonnebaguette.fr\/?page_id=163#breadcrumb\"},\"inLanguage\":\"fr-FR\",\"potentialAction\":[{\"@type\":\"ReadAction\",\"target\":[\"https:\/\/labonnebaguette.fr\/?page_id=163\"]}]},{\"@type\":\"ImageObject\",\"inLanguage\":\"fr-FR\",\"@id\":\"https:\/\/labonnebaguette.fr\/?page_id=163#primaryimage\",\"url\":\"https:\/\/labonnebaguette.fr\/wp-content\/uploads\/2024\/12\/IMG_1125.jpg\",\"contentUrl\":\"https:\/\/labonnebaguette.fr\/wp-content\/uploads\/2024\/12\/IMG_1125.jpg\",\"width\":1170,\"height\":1654},{\"@type\":\"BreadcrumbList\",\"@id\":\"https:\/\/labonnebaguette.fr\/?page_id=163#breadcrumb\",\"itemListElement\":[{\"@type\":\"ListItem\",\"position\":1,\"name\":\"Accueil\",\"item\":\"https:\/\/labonnebaguette.fr\/\"},{\"@type\":\"ListItem\",\"position\":2,\"name\":\"Notre histoire\"}]},{\"@type\":\"WebSite\",\"@id\":\"https:\/\/labonnebaguette.fr\/#website\",\"url\":\"https:\/\/labonnebaguette.fr\/\",\"name\":\"La Bonne Baguette - La P\u00e9trie\",\"description\":\"La P\u00e9trie\",\"publisher\":{\"@id\":\"https:\/\/labonnebaguette.fr\/#organization\"},\"potentialAction\":[{\"@type\":\"SearchAction\",\"target\":{\"@type\":\"EntryPoint\",\"urlTemplate\":\"https:\/\/labonnebaguette.fr\/?s={search_term_string}\"},\"query-input\":{\"@type\":\"PropertyValueSpecification\",\"valueRequired\":true,\"valueName\":\"search_term_string\"}}],\"inLanguage\":\"fr-FR\"},{\"@type\":\"Organization\",\"@id\":\"https:\/\/labonnebaguette.fr\/#organization\",\"name\":\"La Bonne Baguette\",\"url\":\"https:\/\/labonnebaguette.fr\/\",\"logo\":{\"@type\":\"ImageObject\",\"inLanguage\":\"fr-FR\",\"@id\":\"https:\/\/labonnebaguette.fr\/#\/schema\/logo\/image\/\",\"url\":\"https:\/\/labonnebaguette.fr\/wp-content\/uploads\/2024\/11\/logo-lapetrie-5.png\",\"contentUrl\":\"https:\/\/labonnebaguette.fr\/wp-content\/uploads\/2024\/11\/logo-lapetrie-5.png\",\"width\":180,\"height\":188,\"caption\":\"La Bonne Baguette\"},\"image\":{\"@id\":\"https:\/\/labonnebaguette.fr\/#\/schema\/logo\/image\/\"},\"sameAs\":[\"https:\/\/www.facebook.com\/boulangerielabonnebaguette\"]}]}<\/script>\n<!-- \/ Yoast SEO plugin. -->","yoast_head_json":{"title":"Notre histoire - La Bonne Baguette","description":"D\u00e9couvrez l'histoire de notre boulangerie : une aventure passionn\u00e9e, des recettes artisanales et un savoir-faire unique au service du go\u00fbt.","robots":{"index":"index","follow":"follow","max-snippet":"max-snippet:-1","max-image-preview":"max-image-preview:large","max-video-preview":"max-video-preview:-1"},"canonical":"https:\/\/labonnebaguette.fr\/?page_id=163","og_locale":"fr_FR","og_type":"article","og_title":"Notre histoire - La Bonne Baguette","og_description":"D\u00e9couvrez l'histoire de notre boulangerie : une aventure passionn\u00e9e, des recettes artisanales et un savoir-faire unique au service du go\u00fbt.","og_url":"https:\/\/labonnebaguette.fr\/?page_id=163","og_site_name":"La Bonne Baguette","article_publisher":"https:\/\/www.facebook.com\/boulangerielabonnebaguette","article_modified_time":"2025-01-12T10:44:27+00:00","og_image":[{"width":1170,"height":1654,"url":"https:\/\/labonnebaguette.fr\/wp-content\/uploads\/2024\/12\/IMG_1125.jpg","type":"image\/jpeg"}],"twitter_card":"summary_large_image","twitter_misc":{"Dur\u00e9e de lecture estim\u00e9e":"3 minutes"},"schema":{"@context":"https:\/\/schema.org","@graph":[{"@type":"WebPage","@id":"https:\/\/labonnebaguette.fr\/?page_id=163","url":"https:\/\/labonnebaguette.fr\/?page_id=163","name":"Notre histoire - La Bonne Baguette","isPartOf":{"@id":"https:\/\/labonnebaguette.fr\/#website"},"primaryImageOfPage":{"@id":"https:\/\/labonnebaguette.fr\/?page_id=163#primaryimage"},"image":{"@id":"https:\/\/labonnebaguette.fr\/?page_id=163#primaryimage"},"thumbnailUrl":"https:\/\/labonnebaguette.fr\/wp-content\/uploads\/2024\/12\/IMG_1125-724x1024.jpg","datePublished":"2024-11-28T14:45:34+00:00","dateModified":"2025-01-12T10:44:27+00:00","description":"D\u00e9couvrez l'histoire de notre boulangerie : une aventure passionn\u00e9e, des recettes artisanales et un savoir-faire unique au service du go\u00fbt.","breadcrumb":{"@id":"https:\/\/labonnebaguette.fr\/?page_id=163#breadcrumb"},"inLanguage":"fr-FR","potentialAction":[{"@type":"ReadAction","target":["https:\/\/labonnebaguette.fr\/?page_id=163"]}]},{"@type":"ImageObject","inLanguage":"fr-FR","@id":"https:\/\/labonnebaguette.fr\/?page_id=163#primaryimage","url":"https:\/\/labonnebaguette.fr\/wp-content\/uploads\/2024\/12\/IMG_1125.jpg","contentUrl":"https:\/\/labonnebaguette.fr\/wp-content\/uploads\/2024\/12\/IMG_1125.jpg","width":1170,"height":1654},{"@type":"BreadcrumbList","@id":"https:\/\/labonnebaguette.fr\/?page_id=163#breadcrumb","itemListElement":[{"@type":"ListItem","position":1,"name":"Accueil","item":"https:\/\/labonnebaguette.fr\/"},{"@type":"ListItem","position":2,"name":"Notre histoire"}]},{"@type":"WebSite","@id":"https:\/\/labonnebaguette.fr\/#website","url":"https:\/\/labonnebaguette.fr\/","name":"La Bonne Baguette - La P\u00e9trie","description":"La P\u00e9trie","publisher":{"@id":"https:\/\/labonnebaguette.fr\/#organization"},"potentialAction":[{"@type":"SearchAction","target":{"@type":"EntryPoint","urlTemplate":"https:\/\/labonnebaguette.fr\/?s={search_term_string}"},"query-input":{"@type":"PropertyValueSpecification","valueRequired":true,"valueName":"search_term_string"}}],"inLanguage":"fr-FR"},{"@type":"Organization","@id":"https:\/\/labonnebaguette.fr\/#organization","name":"La Bonne Baguette","url":"https:\/\/labonnebaguette.fr\/","logo":{"@type":"ImageObject","inLanguage":"fr-FR","@id":"https:\/\/labonnebaguette.fr\/#\/schema\/logo\/image\/","url":"https:\/\/labonnebaguette.fr\/wp-content\/uploads\/2024\/11\/logo-lapetrie-5.png","contentUrl":"https:\/\/labonnebaguette.fr\/wp-content\/uploads\/2024\/11\/logo-lapetrie-5.png","width":180,"height":188,"caption":"La Bonne Baguette"},"image":{"@id":"https:\/\/labonnebaguette.fr\/#\/schema\/logo\/image\/"},"sameAs":["https:\/\/www.facebook.com\/boulangerielabonnebaguette"]}]}},"_links":{"self":[{"href":"https:\/\/labonnebaguette.fr\/index.php?rest_route=\/wp\/v2\/pages\/163","targetHints":{"allow":["GET"]}}],"collection":[{"href":"https:\/\/labonnebaguette.fr\/index.php?rest_route=\/wp\/v2\/pages"}],"about":[{"href":"https:\/\/labonnebaguette.fr\/index.php?rest_route=\/wp\/v2\/types\/page"}],"author":[{"embeddable":true,"href":"https:\/\/labonnebaguette.fr\/index.php?rest_route=\/wp\/v2\/users\/1"}],"replies":[{"embeddable":true,"href":"https:\/\/labonnebaguette.fr\/index.php?rest_route=%2Fwp%2Fv2%2Fcomments&post=163"}],"version-history":[{"count":115,"href":"https:\/\/labonnebaguette.fr\/index.php?rest_route=\/wp\/v2\/pages\/163\/revisions"}],"predecessor-version":[{"id":1213,"href":"https:\/\/labonnebaguette.fr\/index.php?rest_route=\/wp\/v2\/pages\/163\/revisions\/1213"}],"wp:attachment":[{"href":"https:\/\/labonnebaguette.fr\/index.php?rest_route=%2Fwp%2Fv2%2Fmedia&parent=163"}],"curies":[{"name":"wp","href":"https:\/\/api.w.org\/{rel}","templated":true}]}}